{"id":14,"date":"2019-01-06T01:05:32","date_gmt":"2019-01-06T01:05:32","guid":{"rendered":"http:\/\/abbeverein.de\/?page_id=14"},"modified":"2026-04-01T20:46:53","modified_gmt":"2026-04-01T18:46:53","slug":"jahresprogramm","status":"publish","type":"page","link":"https:\/\/abbeverein.de\/?page_id=14","title":{"rendered":"Jahresprogramm"},"content":{"rendered":"<div class=\"WordSection1\">\n<div class=\"WordSection1\">\n<p style=\"padding-left: 40px;\"><span style=\"font-family: Arial, Helvetica, sans-serif; font-size: 36pt;\"><strong>2026<\/strong><\/span><\/p>\n<\/div>\n<\/div>\n<div class=\"WordSection1\"><hr \/><\/div>\n<div class=\"moz-forward-container\"><span style=\"font-family: Arial, Helvetica, sans-serif; font-size: 18pt;\">18.04.2026 : <strong>Fr\u00fchjahrsausflug<\/strong><\/span><\/div>\n<p style=\"text-align: center;\"><span style=\"font-size: 24pt;\"><strong><span style=\"font-family: Arial, Helvetica, sans-serif;\">Besuch des Orgelbaumuseums Steinmeyer in \u00d6ttingen<\/span><\/strong><\/span><\/p>\n<div class=\"moz-forward-container\" style=\"text-align: center;\"><span style=\"font-family: Arial, Helvetica, sans-serif; font-size: 18pt;\"><b>Treffpunkt am Samstag, <br \/>den 18. April 2026<br \/>um 10:25 Uhr<br \/><\/b><b>in der G. F. Steinmeyer-Stra\u00dfe 3, 86732 \u00d6ttingen<\/b><\/span><small><span style=\"font-family: Arial;\"><big><br \/><\/big><\/span><\/small><\/div>\n<div style=\"text-align: center;\"><img loading=\"lazy\" decoding=\"async\" class=\"alignnone size-medium wp-image-850\" src=\"https:\/\/abbeverein.de\/wp-content\/uploads\/2026\/04\/cid_part1_k55HLJ0T_PVrTgiVB@abbeverein-300x188.jpg\" alt=\"\" width=\"300\" height=\"188\" srcset=\"https:\/\/abbeverein.de\/wp-content\/uploads\/2026\/04\/cid_part1_k55HLJ0T_PVrTgiVB@abbeverein-300x188.jpg 300w, https:\/\/abbeverein.de\/wp-content\/uploads\/2026\/04\/cid_part1_k55HLJ0T_PVrTgiVB@abbeverein-1024x640.jpg 1024w, https:\/\/abbeverein.de\/wp-content\/uploads\/2026\/04\/cid_part1_k55HLJ0T_PVrTgiVB@abbeverein-768x480.jpg 768w, https:\/\/abbeverein.de\/wp-content\/uploads\/2026\/04\/cid_part1_k55HLJ0T_PVrTgiVB@abbeverein.jpg 1270w\" sizes=\"auto, (max-width: 300px) 100vw, 300px\" \/><\/div>\n<div>\n<div class=\"moz-forward-container\">\n<div class=\"moz-forward-container\"><span style=\"font-family: Arial, Helvetica, sans-serif;\">Auch Nichtmitglieder sind herzlich willkommen.<\/span><\/div>\n<div>\u00a0<\/div>\n<span style=\"font-family: Arial, Helvetica, sans-serif;\"><small><big>W<\/big><\/small>ir haben eine exklusive F\u00fchrung f\u00fcr uns im Orgelbaumuseum Steinmeyer vereinbart.<\/span><br \/><span style=\"font-family: Arial, Helvetica, sans-serif;\">Die Orgelbaufabrik bestand von 1847 bis 2001. Hier wurden zahlreiche Orgeln gebaut &#8211; darunter so ber\u00fchmte wie die urspr\u00fcngliche weltgr\u00f6\u00dfte Orgel im Passauer Dom.<\/span><br \/><span style=\"font-family: Arial, Helvetica, sans-serif;\">In den R\u00e4umen der Original-Orgelbauwerkstatt k\u00f6nnen wir &#8211; unterst\u00fctzt durch viel Anschauungsmaterial &#8211; das Handwerk des Orgelbaus nachvollziehen. Wir lernen nicht nur dieses Handwerk und die Geschichte der Firma kennen, sondern erleben auch das Orgelspiel auf verschiedenen historischen Instrumenten, vorgef\u00fchrt durch einen engagierten Physiker und Organisten.<\/span><br \/><br \/><span style=\"font-family: Arial, Helvetica, sans-serif;\">Die F\u00fchrung ist kostenlos, aber wir werden als Verein etwas f\u00fcr den Aufbau und Erhalt des Museums spenden,<\/span><br \/><span style=\"font-family: Arial, Helvetica, sans-serif;\">Spenden f\u00fcr unseren Verein sind willkommen.<\/span>\n<p><span style=\"font-family: Arial, Helvetica, sans-serif;\"><b>Beginn der F\u00fchrung 10:30 Uhr, Dauer 60 bis 90 Minuten<\/b><\/span><\/p>\n<span style=\"font-family: Arial, Helvetica, sans-serif;\">Anreise privat, vorzugsweise in Fahrgemeinschaften.<\/span><br \/><span style=\"font-family: Arial, Helvetica, sans-serif;\">Parken ist an der Stra\u00dfe m\u00f6glich.<\/span><br \/><img loading=\"lazy\" decoding=\"async\" class=\"alignnone size-medium wp-image-849\" src=\"https:\/\/abbeverein.de\/wp-content\/uploads\/2026\/04\/cid_part2_EM0sQze6_YCWPW30H@abbeverein-300x188.png\" alt=\"\" width=\"300\" height=\"188\" srcset=\"https:\/\/abbeverein.de\/wp-content\/uploads\/2026\/04\/cid_part2_EM0sQze6_YCWPW30H@abbeverein-300x188.png 300w, https:\/\/abbeverein.de\/wp-content\/uploads\/2026\/04\/cid_part2_EM0sQze6_YCWPW30H@abbeverein.png 731w\" sizes=\"auto, (max-width: 300px) 100vw, 300px\" \/> \u00a0<br \/><span style=\"font-family: Arial, Helvetica, sans-serif;\">In der Werkstatt <span style=\"font-size: small;\">(Foto Henriette M\u00fcller von 2025)<\/span><\/span><\/div>\n<div class=\"moz-forward-container\"><img loading=\"lazy\" decoding=\"async\" class=\"alignnone size-medium wp-image-848\" src=\"https:\/\/abbeverein.de\/wp-content\/uploads\/2026\/04\/cid_part3_mJBtX5cK_2BDs2U4w@abbeverein-300x158.png\" alt=\"\" width=\"300\" height=\"158\" srcset=\"https:\/\/abbeverein.de\/wp-content\/uploads\/2026\/04\/cid_part3_mJBtX5cK_2BDs2U4w@abbeverein-300x158.png 300w, https:\/\/abbeverein.de\/wp-content\/uploads\/2026\/04\/cid_part3_mJBtX5cK_2BDs2U4w@abbeverein-768x403.png 768w, https:\/\/abbeverein.de\/wp-content\/uploads\/2026\/04\/cid_part3_mJBtX5cK_2BDs2U4w@abbeverein.png 813w\" sizes=\"auto, (max-width: 300px) 100vw, 300px\" \/><br \/><span style=\"font-family: Arial, Helvetica, sans-serif;\">Eingangsbereich mit Orgelbrunnen <span style=\"font-size: small;\">(Foto F\u00f6rderverein Orgelbaumuseum)<\/span><\/span><br \/><br \/><span style=\"font-family: Arial, Helvetica, sans-serif;\">Nach der F\u00fchrung im Orgelbaumuseum ist ein gemeinsames Mittagessen geplant.<\/span><br \/><span style=\"font-family: Arial, Helvetica, sans-serif;\">Ab 12:30 Uhr ist daf\u00fcr ein Tisch f\u00fcr uns im <br \/><b>Restaurant &#8220;Kelle und Schaff&#8221; in der Schlo\u00dfstra\u00dfe 34<br \/><\/b> reserviert.<\/span><br \/><br \/><span style=\"font-family: Arial, Helvetica, sans-serif;\">Abh\u00e4ngig vom Wetter, von Interesse und Kondition k\u00f6nnen wir nach dem Essen noch einen Stadtrundgang durch den sehenswerten historischen Stadtkern der ehemaligen Residenzstadt \u00d6ttingen machen.<\/span><br \/><br \/><img loading=\"lazy\" decoding=\"async\" class=\"alignnone size-medium wp-image-847\" src=\"https:\/\/abbeverein.de\/wp-content\/uploads\/2026\/04\/cid_part4_0zVPtsXD_bqYaWGp6@abbeverein-300x197.png\" alt=\"\" width=\"300\" height=\"197\" srcset=\"https:\/\/abbeverein.de\/wp-content\/uploads\/2026\/04\/cid_part4_0zVPtsXD_bqYaWGp6@abbeverein-300x197.png 300w, https:\/\/abbeverein.de\/wp-content\/uploads\/2026\/04\/cid_part4_0zVPtsXD_bqYaWGp6@abbeverein.png 591w\" sizes=\"auto, (max-width: 300px) 100vw, 300px\" \/><br \/><small><span style=\"font-family: Arial;\"><big><br \/><span style=\"font-family: Arial, Helvetica, sans-serif;\"><b>Ich bitte um\u00a0<\/b><\/span><\/big><\/span><\/small><b><span style=\"font-family: Arial, Helvetica, sans-serif;\">verbindliche Anmeldung bis zum 14.04.2026<\/span><br \/><span style=\"font-family: Arial, Helvetica, sans-serif;\">mit der Angabe, ob die Teilnahme am Mittagessen gew\u00fcnscht ist.<\/span><br \/><\/b><br \/><b><span style=\"font-family: Arial, Helvetica, sans-serif;\">Anmeldung per Email bitte bei<\/span><br \/><span style=\"font-family: Arial, Helvetica, sans-serif;\">Schriftf\u00fchrerin Henriette M\u00fcller unter <\/span><small><small><span style=\"font-family: Arial;\"><big><span style=\"font-family: Arial, Helvetica, sans-serif;\"><a class=\"moz-txt-link-abbreviated\" href=\"mailto:doerband.mueller@gmx.de\">schriftfuehrer@abbeverein.de<\/a><\/span><br \/><br \/><\/big><\/span><\/small><\/small><\/b><\/div>\n<\/div>\n<div>\u00a0<\/div>\n<div class=\"WordSection1\"><hr \/>\n<p><span style=\"font-family: Arial, Helvetica, sans-serif; font-size: 24pt;\"><span style=\"font-size: 18pt;\">Das war schon in <\/span><strong><span style=\"font-size: 36pt;\">2026<\/span><\/strong><\/span><\/p>\n<hr \/>\n<div class=\"moz-forward-container\">\n<p><span style=\"font-family: Arial, Helvetica, sans-serif; font-size: 18pt;\">28.01.2026 : <strong>Vortrag<\/strong><\/span><\/p>\n<figure class=\"wp-block-image aligncenter size-full\"><img loading=\"lazy\" decoding=\"async\" width=\"592\" height=\"81\" class=\"wp-image-547\" src=\"https:\/\/abbeverein.de\/wp-content\/uploads\/2021\/07\/image-5.png\" alt=\"\" srcset=\"https:\/\/abbeverein.de\/wp-content\/uploads\/2021\/07\/image-5.png 592w, https:\/\/abbeverein.de\/wp-content\/uploads\/2021\/07\/image-5-300x41.png 300w\" sizes=\"auto, (max-width: 592px) 100vw, 592px\" \/><\/figure>\n<\/div>\n<div>\u00a0<\/div>\n<div><img loading=\"lazy\" decoding=\"async\" class=\"alignnone size-medium wp-image-837 aligncenter\" src=\"https:\/\/abbeverein.de\/wp-content\/uploads\/2026\/01\/2026_Vortragsbild-300x141.png\" alt=\"\" width=\"300\" height=\"141\" srcset=\"https:\/\/abbeverein.de\/wp-content\/uploads\/2026\/01\/2026_Vortragsbild-300x141.png 300w, https:\/\/abbeverein.de\/wp-content\/uploads\/2026\/01\/2026_Vortragsbild.png 379w\" sizes=\"auto, (max-width: 300px) 100vw, 300px\" \/><\/div>\n<div>\u00a0<\/div>\n<div style=\"text-align: center;\"><span style=\"font-family: Arial, Helvetica, sans-serif; font-size: 18pt;\">Der Verein <em>Erhalt Abbe\u00b4schen Gedankenguts<\/em> in Kooperation mit der<\/span><br \/><span style=\"font-family: Arial, Helvetica, sans-serif; font-size: 18pt;\"><em>Volkshochschule Aalen<\/em> l\u00e4dt ein zu dem Vortrag<\/span><\/div>\n<div style=\"text-align: center;\"><span style=\"color: #000080; font-family: 'Arial Black', 'Avant Garde';\"><strong><span style=\"font-size: 18pt;\">Holographie und Diffraktive Optik<\/span><\/strong><\/span><br \/><span style=\"color: #000080; font-size: 14pt;\"><strong><span style=\"font-family: Arial, Helvetica, sans-serif;\">Anwendungen in Messtechnik, Bildgebung und Displaytechnologie<\/span><\/strong><\/span><\/div>\n<div style=\"text-align: center;\"><span style=\"font-family: 'Arial Black', 'Avant Garde';\"><strong><span style=\"font-size: 18pt; color: #000080;\">Mittwoch, den 28.Januar 2026, <br \/>Beginn: 19 Uhr<\/span><\/strong><\/span><\/div>\n<div style=\"text-align: center;\"><span style=\"font-family: 'Arial Black', 'Avant Garde'; font-size: 18pt; color: #000080;\">Volkshochschule Aalen, Torhaus, <br \/>Gm\u00fcnder Stra\u00dfe 9,<br \/>Paul-Ulmschneider-Saal, Eintritt frei<\/span><\/div>\n<div>\u00a0<\/div>\n<div><span style=\"font-family: Arial, Helvetica, sans-serif; font-size: 18pt;\">Holographie ist ein Aufnahme- und Wiedergabeverfahren, das neben der Amplituden- auch die Phaseninformation eines optischen Feldes erfasst. Seit den grundlegenden Arbeiten von D. Gabor vor 75 Jahren (Physik-Nobelpreis 1971) haben technologische Fortschritte (Laser, Mikrostrukturierung und r\u00e4umliche Lichtmodulatoren) vielf\u00e4ltige Anwendungen erm\u00f6glicht. Heute besitzt die Holographie enorme Bedeutung in wissenschaftlich-technischen Bereichen, insbesondere durch den Einsatz synthetischer und dynamisch adressierbarer Hologramme.<\/span><br \/><span style=\"font-family: Arial, Helvetica, sans-serif; font-size: 18pt;\">Der Vortrag zeigt das breite Potential der Holographie in der optischen Mess-technik, der Digitalen Holographie und der Display-Holographie anhand ausgew\u00e4hlter Forschungsarbeiten des Instituts f\u00fcr Technische Optik auf. Diffraktive optische Elemente er\u00f6ffnen neue Abbildungsmodalit\u00e4ten und ma\u00dfgeschneiderte Wellenfeldmodulationen f\u00fcr Verfahren wie Wellenfront-sensorik, spektrale Bildgebung und Positionsmessung. Die Digitale Holographie erlaubt eine dreidimensionale Rekonstruktion technischer und biologischer Proben. Am Beispiel der Display-Holographie wird demonstriert, wie eine realistische 3D-Darstellung erreicht und Specklerauschen wirksam reduziert werden kann.<\/span><br \/><span style=\"font-family: Arial, Helvetica, sans-serif; font-size: 18pt;\">Der Referent Prof. Dr. Stephan Reichelt ist angewandter Optiker mit Erfahrung in Wissenschaft und Industrie. Seit 2021 ist er Professor an der Universit\u00e4t Stuttgart und leitet dort das Institut f\u00fcr Technische Optik. Seine Forschungs-schwerpunkte liegen in der optischen Messtechnik, Inspektion und Sensorik f\u00fcr industrielle sowie biomedizinische Anwendungen.<\/span><\/div>\n<hr \/>\n<p style=\"text-align: left;\"><span style=\"font-family: Arial, Helvetica, sans-serif; font-size: 18pt;\">27.03.2025 : <strong>Mitgliederversammlung<\/strong><\/span><\/p>\n<p style=\"text-align: center;\"><span style=\"font-family: Arial, Helvetica, sans-serif; font-size: 18pt;\"><span style=\"font-size: 24pt;\">Mitgliederversammlung, Freitag 27. M\u00e4rz,<br \/>Beginn: 18:00 Uhr,<\/span><br \/><span style=\"font-size: 24pt;\">Gastst\u00e4tte Dionysos &#8220;Fenstergucker&#8221;, obere Etage,<br \/>Stadelgasse 11, 73430 Aalen<\/span><\/span><\/p>\n<\/div>\n\n\n<p><\/p>\n","protected":false},"excerpt":{"rendered":"<p>2026 18.04.2026 : Fr\u00fchjahrsausflug Besuch des Orgelbaumuseums Steinmeyer in \u00d6ttingen Treffpunkt am Samstag, den 18. April 2026um 10:25 Uhrin der G. F. Steinmeyer-Stra\u00dfe 3, 86732 \u00d6ttingen Auch Nichtmitglieder sind herzlich willkommen. \u00a0 Wir haben eine exklusive F\u00fchrung f\u00fcr uns im Orgelbaumuseum Steinmeyer vereinbart.Die Orgelbaufabrik bestand von 1847 bis 2001. Hier wurden zahlreiche Orgeln gebaut &#8211; &hellip; <\/p>\n<p class=\"link-more\"><a href=\"https:\/\/abbeverein.de\/?page_id=14\" class=\"more-link\"><span class=\"screen-reader-text\">\u201eJahresprogramm\u201c <\/span>weiterlesen<\/a><\/p>\n","protected":false},"author":1,"featured_media":0,"parent":0,"menu_order":0,"comment_status":"closed","ping_status":"closed","template":"","meta":{"footnotes":""},"class_list":["post-14","page","type-page","status-publish","hentry","entry"],"_links":{"self":[{"href":"https:\/\/abbeverein.de\/index.php?rest_route=\/wp\/v2\/pages\/14","targetHints":{"allow":["GET"]}}],"collection":[{"href":"https:\/\/abbeverein.de\/index.php?rest_route=\/wp\/v2\/pages"}],"about":[{"href":"https:\/\/abbeverein.de\/index.php?rest_route=\/wp\/v2\/types\/page"}],"author":[{"embeddable":true,"href":"https:\/\/abbeverein.de\/index.php?rest_route=\/wp\/v2\/users\/1"}],"replies":[{"embeddable":true,"href":"https:\/\/abbeverein.de\/index.php?rest_route=%2Fwp%2Fv2%2Fcomments&post=14"}],"version-history":[{"count":139,"href":"https:\/\/abbeverein.de\/index.php?rest_route=\/wp\/v2\/pages\/14\/revisions"}],"predecessor-version":[{"id":853,"href":"https:\/\/abbeverein.de\/index.php?rest_route=\/wp\/v2\/pages\/14\/revisions\/853"}],"wp:attachment":[{"href":"https:\/\/abbeverein.de\/index.php?rest_route=%2Fwp%2Fv2%2Fmedia&parent=14"}],"curies":[{"name":"wp","href":"https:\/\/api.w.org\/{rel}","templated":true}]}}