{"id":17,"date":"2019-01-06T01:05:32","date_gmt":"2019-01-06T01:05:32","guid":{"rendered":"http:\/\/abbeverein.de\/?page_id=17"},"modified":"2023-01-22T14:47:10","modified_gmt":"2023-01-22T13:47:10","slug":"kontakt","status":"publish","type":"page","link":"https:\/\/abbeverein.de\/?page_id=17","title":{"rendered":"Kontakt"},"content":{"rendered":"<div id=\"pl-gb17-69e764b6389c4\"  class=\"panel-layout\" ><div id=\"pg-gb17-69e764b6389c4-0\"  class=\"panel-grid panel-has-style\" ><div class=\"siteorigin-panels-stretch panel-row-style panel-row-style-for-gb17-69e764b6389c4-0\" data-stretch-type=\"full\" ><div id=\"pgc-gb17-69e764b6389c4-0-0\"  class=\"panel-grid-cell\" ><div id=\"panel-gb17-69e764b6389c4-0-0-0\" class=\"so-panel widget widget_sow-editor panel-first-child panel-last-child\" data-index=\"0\" ><div\n\t\t\t\n\t\t\tclass=\"so-widget-sow-editor so-widget-sow-editor-base\"\n\t\t\t\n\t\t>\n<div class=\"siteorigin-widget-tinymce textwidget\">\n\t<p><\/p>\n<p><strong>1. Vorsitzender:<\/strong><\/p>\n<p>Adalbert Han\u00dfen<br \/>\nElsterweg 4<br \/>\n73434 Aalen<\/p>\n<p>Tel.: +49 7361\u00a05280947<br \/>\n<a href=\"mailto:vorstand@abbeverein.de\">vorstand@abbeverein.de<\/a><\/p>\n<p> <\/p>\n<p><strong>Stellvertreter:<\/strong><\/p>\n<p> <\/p>\n<p>Dr. Bernd D\u00f6rband<br \/>\nSauerbachstra\u00dfe 103<br \/>\n73434 Aalen<\/p>\n<p>Tel.: +49 7361 468162<br \/>\n<a href=\"mailto:schriftfuehrer@abbeverein.de\">schriftfuehrer@abbeverein.de<\/a><\/p>\n<p> <\/p>\n<p>\u200b<strong>Schriftf\u00fchrerin:<\/strong><\/p>\n<p> <\/p>\n<p>Henriette M\u00fcller<br \/>\nSauerbachstra\u00dfe 103<br \/>\n73434 Aalen<\/p>\n<p>Tel.: +49 7361 468162<br \/>\n<a href=\"mailto:schriftfuehrer@abbeverein.de\">schriftfuehrer@abbeverein.de<\/a><\/p>\n<p><\/p>\n<\/div>\n<\/div><\/div><\/div><div id=\"pgc-gb17-69e764b6389c4-0-1\"  class=\"panel-grid-cell\" ><div id=\"panel-gb17-69e764b6389c4-0-1-0\" class=\"so-panel widget widget_sow-editor panel-first-child panel-last-child\" data-index=\"1\" ><div\n\t\t\t\n\t\t\tclass=\"so-widget-sow-editor so-widget-sow-editor-base\"\n\t\t\t\n\t\t>\n<div class=\"siteorigin-widget-tinymce textwidget\">\n\t\n<div class=\"wpcf7 no-js\" id=\"wpcf7-f242-o1\" lang=\"de-DE\" dir=\"ltr\" data-wpcf7-id=\"242\">\n<div class=\"screen-reader-response\"><p role=\"status\" aria-live=\"polite\" aria-atomic=\"true\"><\/p> <ul><\/ul><\/div>\n<form action=\"\/index.php?rest_route=%2Fwp%2Fv2%2Fpages%2F17#wpcf7-f242-o1\" method=\"post\" class=\"wpcf7-form init\" aria-label=\"Kontaktformular\" novalidate=\"novalidate\" data-status=\"init\">\n<fieldset class=\"hidden-fields-container\"><input type=\"hidden\" name=\"_wpcf7\" value=\"242\" \/><input type=\"hidden\" name=\"_wpcf7_version\" value=\"6.1.5\" \/><input type=\"hidden\" name=\"_wpcf7_locale\" value=\"de_DE\" \/><input type=\"hidden\" name=\"_wpcf7_unit_tag\" value=\"wpcf7-f242-o1\" \/><input type=\"hidden\" name=\"_wpcf7_container_post\" value=\"0\" \/><input type=\"hidden\" name=\"_wpcf7_posted_data_hash\" value=\"\" \/>\n<\/fieldset>\n<p><label> Ihre E-Mail-Adresse (Pflichtfeld)<br \/>\n<span class=\"wpcf7-form-control-wrap\" data-name=\"your-email\"><input size=\"40\" maxlength=\"400\" class=\"wpcf7-form-control wpcf7-email wpcf7-validates-as-required wpcf7-text wpcf7-validates-as-email\" aria-required=\"true\" aria-invalid=\"false\" value=\"\" type=\"email\" name=\"your-email\" \/><\/span> <\/label>\n<\/p>\n<p><label> Vorname Nachname (Pflichtfeld)<br \/>\n<span class=\"wpcf7-form-control-wrap\" data-name=\"your-name\"><input size=\"40\" maxlength=\"400\" class=\"wpcf7-form-control wpcf7-text wpcf7-validates-as-required\" aria-required=\"true\" aria-invalid=\"false\" value=\"\" type=\"text\" name=\"your-name\" \/><\/span> <\/label>\n<\/p>\n<p><label> Betrifft<br \/>\n<span class=\"wpcf7-form-control-wrap\" data-name=\"your-subject\"><input size=\"40\" maxlength=\"400\" class=\"wpcf7-form-control wpcf7-text\" aria-invalid=\"false\" value=\"\" type=\"text\" name=\"your-subject\" \/><\/span> <\/label>\n<\/p>\n<p><label> Nachricht<br \/>\n<span class=\"wpcf7-form-control-wrap\" data-name=\"your-message\"><textarea cols=\"40\" rows=\"10\" maxlength=\"2000\" class=\"wpcf7-form-control wpcf7-textarea\" aria-invalid=\"false\" name=\"your-message\"><\/textarea><\/span> <\/label>\n<\/p>\n<p><input class=\"wpcf7-form-control wpcf7-submit has-spinner\" type=\"submit\" value=\"Senden\" \/>\n<\/p><div class=\"wpcf7-response-output\" aria-hidden=\"true\"><\/div>\n<\/form>\n<\/div>\n\n<\/div>\n<\/div><\/div><\/div><\/div><\/div><\/div>","protected":false},"excerpt":{"rendered":"<p>1. Vorsitzender: Adalbert Han\u00dfen Elsterweg 4 73434 Aalen Tel.: +49 7361\u00a05280947 vorstand@abbeverein.de Stellvertreter: Dr. Bernd D\u00f6rband Sauerbachstra\u00dfe 103 73434 Aalen Tel.: +49 7361 468162 schriftfuehrer@abbeverein.de \u200bSchriftf\u00fchrerin: Henriette M\u00fcller Sauerbachstra\u00dfe 103 73434 Aalen Tel.: +49 7361 468162 schriftfuehrer@abbeverein.de<\/p>\n","protected":false},"author":1,"featured_media":0,"parent":0,"menu_order":0,"comment_status":"closed","ping_status":"closed","template":"","meta":{"footnotes":""},"class_list":["post-17","page","type-page","status-publish","hentry","entry"],"_links":{"self":[{"href":"https:\/\/abbeverein.de\/index.php?rest_route=\/wp\/v2\/pages\/17","targetHints":{"allow":["GET"]}}],"collection":[{"href":"https:\/\/abbeverein.de\/index.php?rest_route=\/wp\/v2\/pages"}],"about":[{"href":"https:\/\/abbeverein.de\/index.php?rest_route=\/wp\/v2\/types\/page"}],"author":[{"embeddable":true,"href":"https:\/\/abbeverein.de\/index.php?rest_route=\/wp\/v2\/users\/1"}],"replies":[{"embeddable":true,"href":"https:\/\/abbeverein.de\/index.php?rest_route=%2Fwp%2Fv2%2Fcomments&post=17"}],"version-history":[{"count":12,"href":"https:\/\/abbeverein.de\/index.php?rest_route=\/wp\/v2\/pages\/17\/revisions"}],"predecessor-version":[{"id":647,"href":"https:\/\/abbeverein.de\/index.php?rest_route=\/wp\/v2\/pages\/17\/revisions\/647"}],"wp:attachment":[{"href":"https:\/\/abbeverein.de\/index.php?rest_route=%2Fwp%2Fv2%2Fmedia&parent=17"}],"curies":[{"name":"wp","href":"https:\/\/api.w.org\/{rel}","templated":true}]}}