{"id":40,"date":"2019-01-06T01:27:20","date_gmt":"2019-01-06T01:27:20","guid":{"rendered":"http:\/\/abbeverein.de\/?page_id=40"},"modified":"2020-01-04T18:29:16","modified_gmt":"2020-01-04T17:29:16","slug":"impressum","status":"publish","type":"page","link":"https:\/\/abbeverein.de\/?page_id=40","title":{"rendered":"Impressum und Datenschutzerkl\u00e4rung"},"content":{"rendered":"\n<p>Verein Erhalt Abbe&#8217;schen Gedankenguts e.V.<\/p>\n\n\n\n<p>\u200bAdalbert Han\u00dfen<br> Elsterweg 4<br> 73434 Aalen<br> Tel.: +49 7361 5280947<br><a href=\"mailto:vorstand@abbeverein.de\">vorstand@abbeverein.de<\/a><\/p>\n\n\n\n<p>Wir pr\u00fcfen und aktualisieren die Informationen auf unserer Webseite sehr h\u00e4ufig. Trotz aller Sorgfalt k\u00f6nnen sich die Angaben inzwischen ver\u00e4ndert haben. Eine Haftung oder Garantie f\u00fcr die Aktualit\u00e4t, Richtigkeit und Vollst\u00e4ndigkeit der zur Verf\u00fcgung gestellten Informationen kann deshalb nicht \u00fcbernommen werden.<\/p>\n\n\n\n<p>Der Verein&nbsp;ist nicht f\u00fcr den Inhalt und die Darstellung von anderen Webseiten verantwortlich, auf die mittels Hyperlink verwiesen wird. Ebenso \u00fcbernehmen wir keine Haftung f\u00fcr Informationen auf Webseiten Dritter, die per Link auf die Website des Vereins verweisen.<\/p>\n\n\n\n<p><strong>Urheberrechte<\/strong><\/p>\n\n\n\n<p>Inhalt, Zusammenstellung und Struktur der Vereins\u2013Webseiten sind urheberrechtlich gesch\u00fctzt. Die Vervielf\u00e4ltigung und Verbreitung von Informationen oder Daten (Text, Bild, Grafik, Ton, Video oder Animationsdateien)&nbsp;ohne vorherige schriftliche Zustimmung des Vereins&nbsp;ist untersagt. Dies gilt auch f\u00fcr die auszugsweise Vervielf\u00e4ltigung und Verbreitung.<\/p>\n\n\n\n<p>\u200b<strong>Datenschutz<\/strong><\/p>\n\n\n\n<p>1. Personenbezogene Daten und deren Verwendung<\/p>\n\n\n\n<p>2. Verantwortliche Stelle und Daten\u00fcbermittlung an Dritte<\/p>\n\n\n\n<p>3. Sicherheit von Daten<\/p>\n\n\n\n<p>4. Cookies<\/p>\n\n\n\n<p>5. \u00dcbermittlung von erhobenen Daten an Dritte<\/p>\n\n\n\n<p>6. Soziale Netzwerke<\/p>\n\n\n\n<p>7. Hyperlinks zu anderen Websites<\/p>\n\n\n\n<p>8. \u00c4nderungen dieser Datenschutzerkl\u00e4rung<\/p>\n\n\n\n<p>S\u00e4mtliche personenbezogene Datenverarbeitungsvorg\u00e4nge (Erhebung, Verarbeitung und Nutzung) durch den Verein&nbsp;erfolgen unter strikter Beachtung der gesetzlichen Datenschutzvorschriften. Wir erheben, verarbeiten und nutzen personenbezogene Daten nur, um Bestellungen durchzuf\u00fchren und nur soweit Sie hierin eingewilligt haben, f\u00fcr Zwecke der Werbung und Marktforschung.<\/p>\n\n\n\n<p>Mit dieser Datenschutzerkl\u00e4rung m\u00f6chten wir Sie \u00fcber den Umgang mit Ihren personenbezogenen Daten informieren. Sie gilt f\u00fcr die Erhebung, Verarbeitung und Nutzung von personenbezogenen Daten im Rahmen der Nutzung der Vereins-Webseite.<\/p>\n\n\n\n<p><strong>1. Personenbezogene Daten und deren Verwendung<\/strong><\/p>\n\n\n\n<p>In folgenden F\u00e4llen ben\u00f6tigen wir personenbezogene Daten:<\/p>\n\n\n\n<p>\u2022 bei der Anmeldung<\/p>\n\n\n\n<p>\u2022 bei der Kontaktaufnahme mit uns<\/p>\n\n\n\n<p>\u200bPersonenbezogene Daten speichern wir vornehmlich zur Gesch\u00e4fts- und Bestellabwicklung. Zu diesem Zweck geben wir personenbezogene Daten ggf. auch an Dritte weiter, die f\u00fcr oder im Auftrag des Vereins&nbsp;handeln (\u00a7 11 BDSG, sog. Auftragsdatenhaltung). Dabei handelt es sich beispielsweise um Lieferanten, die Ihnen Ihre Bestellung direkt zustellen. Diese Unternehmen sind nicht autorisiert, die von uns weitergegebenen Daten f\u00fcr andere Zwecke zu nutzen, als diejenigen, \u00fcber die wir Sie in dieser Erkl\u00e4rung informieren.<\/p>\n\n\n\n<p>Ihre schutzw\u00fcrdigen Belange werden gem\u00e4\u00df den gesetzlichen Bestimmungen ber\u00fccksichtigt.<\/p>\n\n\n\n<p>Um dem Missbrauch unseres Internetangebots vorzubeugen, speichern wir, bzw. der Webhoster, beim Besuch unserer Webseite standardm\u00e4\u00dfig verschiedene Informationen (wie z.B. die IP-Adresse, Uhrzeit und Dauer, Betriebssystem, Browser, Seitenaufruf, siehe auch Punkt 5).<\/p>\n\n\n\n<p>\u200b<strong>2. Verantwortliche Stelle und Daten\u00fcbermittlung an Dritte<\/strong><\/p>\n\n\n\n<p>Verantwortliche Stelle und Diensteanbieter dieses Internetangebots ist die im Impressum genannte Unternehmung Verein Erhalt Abbe&#8217;schen Gedankenguts e.V..&nbsp;Ist nachfolgend von \u201ewir\u201c oder \u201euns\u201c&nbsp; die Rede, ist diese Unternehmung gemeint. Durch Anklicken des entsprechenden Links im Men\u00fc, der die Bezeichnung \u201eImpressum\u201c tr\u00e4gt, bzw. weiter oben auf dieser Seite, k\u00f6nnen Sie das Impressum mit den weitergehenden Informationen aufrufen.<\/p>\n\n\n\n<p>Eine Weitergabe der personenbezogenen Daten innerhalb des Vereins&nbsp; und zu Auftragsdienstleistern (Lieferanten) als Datenverarbeiter findet nur nach den hier beschriebenen Bestimmungen und ausschlie\u00dflich zweckgebunden statt.<\/p>\n\n\n\n<p>\u200bHinweis<\/p>\n\n\n\n<p>Sie k\u00f6nnen der Erhebung, Verarbeitung bzw. Nutzung Ihrer personenbezogenen Daten zum Zwecke der Werbung oder der Marktforschung jederzeit durch eine formlose Mitteilung an<\/p>\n\n\n\n<p>\u200bVerein Erhalt Abbe&#8217;schen Gedankenguts e.V.<\/p>\n\n\n\n<p>\u200bAdalbert Han\u00dfen<br> Elsterweg 4<br> 73434 Aalen<br> Tel.: +49 7361 5280947<br> <a href=\"mailto:vorstand@abbeverein.de\">vorstand@abbeverein.de<\/a><\/p>\n\n\n\n<p>\u200bwidersprechen bzw. Ihre Einwilligung widerrufen. Nach Erhalt Ihres Widerspruchs bzw. Widerrufs werden diese Daten nicht mehr zu Werbe-, Marktforschungszwecken genutzt.<\/p>\n\n\n\n<p><strong>3. Sicherheit von Daten<\/strong><\/p>\n\n\n\n<p>Zum Schutz der personenbezogenen Daten unserer Kunden benutzen wir ein sicheres Online-\u00dcbertragungsverfahren, die so genannte &#8220;Secure Socket Layer&#8221; (SSL)- \u00dcbertragung. Dieses \u00dcbertragungsverfahren wird von den meisten Browsern unterst\u00fctzt. Alle mit dieser sicheren Methode \u00fcbertragenen Informationen werden verschl\u00fcsselt, bevor sie gesendet werden. Ihre personenbezogenen Daten werden ausschlie\u00dflich auf durch Sicherheitstechnologien gesch\u00fctzte, dem Industriestandard entsprechenden (z. B. Firewalls, Passwortschutz, Zutrittskontrollen etc.) Rechenzentren und Rechnern verarbeitet.<\/p>\n\n\n\n<p>Wir speichern personenbezogene Daten nur so lange, wie dies f\u00fcr die Zwecke, f\u00fcr die sie gewonnen wurden, notwendig ist oder um rechtlichen Anforderungen \u00fcber Berichterstattung oder Aufbewahrung von Dokumenten zu gen\u00fcgen.<\/p>\n\n\n\n<p>Wir verpflichten uns, keinerlei Kopien oder andere Aufzeichnungen von den zur Verarbeitung \u00fcbergebenen bzw. zur Verf\u00fcgung gestellten personenbezogenen Daten anzufertigen oder der Anfertigung durch Dritte zu dulden bzw. an Dritte weiterzugeben. Hiervon ausgenommen sind Kopien oder andere Aufzeichnungen, die im Zuge einer ordnungsgem\u00e4\u00dfen Datenverarbeitung zwingend notwendig sind.<\/p>\n\n\n\n<p>Au\u00dferhalb von Weisungen d\u00fcrfen wir die zur Verarbeitung oder Nutzung \u00fcberlassenen Daten weder f\u00fcr eigene Zwecke noch f\u00fcr Zwecke Dritter verwenden oder Dritten den Zugang zu diesen Daten erm\u00f6glichen. Soweit der Kunde aufgrund geltender datenschutzrechtlicher Bestimmungen gegen\u00fcber einer Person verpflichtet ist, Ausk\u00fcnfte zur Erhebung, Verarbeitung oder Nutzung von Daten dieser Person zu geben, werden wir dabei unterst\u00fctzen, diese Informationen bereitzustellen.<\/p>\n\n\n\n<p>Wir setzen ausschlie\u00dflich Mitarbeiter und Subunternehmer ein, die auf das Datengeheimnis verpflichtet sind.<\/p>\n\n\n\n<p>Wir sichern s\u00e4mtliche Daten, soweit dies mit technisch und wirtschaftlich vertretbarem Aufwand m\u00f6glich ist, wirksam gegen unberechtigten Zugriff, Ver\u00e4nderung, Zerst\u00f6rung oder Verlust, unerlaubter \u00dcbermittlung, anderweitiger unerlaubter Verarbeitung und sonstigem Missbrauch. Sofern eine Gef\u00e4hrdung von Daten auf andere Weise nicht mit technisch und wirtschaftlich angemessenem Aufwand oder nicht Erfolg versprechend beseitigt werden kann, sind wir berechtigt, mit sch\u00e4digendem Inhalt versehene Daten zu l\u00f6schen. Wir werden den Kunden per E-Mail an die uns genannte E-Mail-Adresse von dieser Absicht in Kenntnis setzen.<\/p>\n\n\n\n<p><strong>4. Cookies<\/strong><\/p>\n\n\n\n<p>Wir verwenden keine Cookies auf der Webseite des Vereins.<\/p>\n\n\n\n<p><strong>5. \u00dcbermittlung von erhobenen Daten an Dritte<\/strong><\/p>\n\n\n\n<p>Um unser Internetangebot weiter zu verbessern, erheben wir statistische Daten \u00fcber das Nutzerverhalten; personenbezogene Daten werden hierbei nicht, anonymisiert oder nur pseudonymisiert in \u00dcbereinstimmung mit den datenschutzrechtlichen Bestimmungen erhoben und ggf. \u00fcbermittelt. Wir verwenden hierf\u00fcr die nachfolgenden L\u00f6sungen und Technologien.<\/p>\n\n\n\n<p>Strato AG: Die Strato AG speichert im Rahmen unseres Webhosting-Pakets folgende statistische Daten:<\/p>\n\n\n\n<p>\u2022 welche Seite des Vereins&nbsp;besucht wurde<\/p>\n\n\n\n<p>\u2022 Uhrzeit zum Zeitpunkt des Zugriffes<\/p>\n\n\n\n<p>\u2022 Menge der gesendeten Daten in Byte<\/p>\n\n\n\n<p>\u2022 Quelle\/Verweis, von welchem Sie auf die Seite gelangten<\/p>\n\n\n\n<p>\u2022 Verwendeter Browser<\/p>\n\n\n\n<p>\u2022 Verwendetes Betriebssystem<\/p>\n\n\n\n<p>\u2022 Verwendete IP-Adresse<\/p>\n\n\n\n<p>Google Inc. (&#8220;Google&#8221;): Auf unseren Webseiten kann es auch zur einer Verwendung von Google Analytics, einem Webanalysedienst der Google Inc., Amphitheatre Parkway, Mountain View, CA 94043, USA (im Folgenden \u201eGoogle\u201c), kommen. Google Analytics verwendet Cookies, die eine Analyse der Benutzung unserer Webseiten durch Sie erm\u00f6glichen. Die durch den Cookie erzeugten Informationen \u00fcber Ihre Benutzung dieser Webseite werden in der Regel an einen Server von Google in den USA \u00fcbertragen und dort gespeichert. Im Falle der Aktivierung der IP-Anonymisierung auf dieser Webseite, wird Ihre IP-Adresse von Google jedoch innerhalb von Mitgliedstaaten der EU oder in anderen Vertragsstaaten des Abkommens \u00fcber den EWR zuvor gek\u00fcrzt. Nur in Ausnahmef\u00e4llen wird die volle IP-Adresse an einen Server von Google in den USA \u00fcbertragen und dort gek\u00fcrzt. Im Auftrag des Betreibers dieser Website wird Google diese Informationen benutzen, um Ihre Nutzung der Website auszuwerten, um Reports \u00fcber die Websiteaktivit\u00e4ten zusammenzustellen und um weitere mit der Webseitennutzung und der Internetnutzung verbundene Dienstleistungen gegen\u00fcber uns zu erbringen. Die im Rahmen von Google Analytics von Ihrem Browser \u00fcbermittelte IP-Adresse wird nicht mit anderen Daten von Google zusammengef\u00fchrt. Sie k\u00f6nnen die Speicherung der Cookies durch eine entsprechende Einstellung Ihrer Browser-Software verhindern; wir weisen Sie jedoch darauf hin, dass Sie in diesem Fall gegebenenfalls nicht s\u00e4mtliche Funktionen dieser Webseite vollumf\u00e4nglich werden nutzen k\u00f6nnen. Sie k\u00f6nnen dar\u00fcber hinaus die Erfassung der durch das Cookie erzeugten und auf Ihre Nutzung der Website bezogenen Daten (inkl. Ihrer IP-Adresse) an Google sowie die Verarbeitung dieser Daten durch Google verhindern, indem sie das unter dem folgenden Link verf\u00fcgbare Browser-Plugin herunterladen und installieren. Diese Website verwendet die Erweiterung &#8220;_anonymizeIp()&#8221;. Es werden IP-Adressen nur gek\u00fcrzt weiterverarbeitet.<\/p>\n\n\n\n<p>Schlie\u00dflich ist es m\u00f6glich, dass auf unseren Webseiten Google Adservices, ein weiteres Tool von Google, zur Anwendung gelangt. Mit diesem Tool k\u00f6nnen wir zur Verbesserung unserer Angebote analysieren, was nach dem Klicken auf unsere Anzeige durch einen Nutzer passiert, z. B. ob der Nutzer unser Produkt gekauft, von einem Mobiltelefon aus die Anzeige aufgerufen oder unsere App heruntergeladen hat. Auch Google Adservices nutzt Cookies, die auf ihrem Ger\u00e4t hinterlegt werden. Ein Widerspruch hiergegen kann durch das Herunterladen und Installieren des verf\u00fcgbaren Browser-Plugins ausge\u00fcbt werden.<\/p>\n\n\n\n<p><strong>6. Soziale Netzwerke<\/strong><\/p>\n\n\n\n<p>In unserem Internetangebot gibt es keinen&nbsp;Link zum sozialen Netzwerk Facebook. Wir verwenden nicht das Social Media Plugin von Facebook, wie z.B. den &#8220;Like-Button&#8221; o.\u00e4., daher findet kein Datenaustausch mit Facebook statt. Folgen Sie allerdings dem Link, wird Facebook feststellen von welcher Webseite Sie kommen und dies ggf. als Nutzungsdaten speichern, wenn Sie sich dann bei Facebook einloggen, unterliegt dies nicht mehr unserer Datenschutzpflicht.<\/p>\n\n\n\n<p>Facebook Inc. h\u00e4lt das europ\u00e4ische Datenschutzrecht ein und ist unter dem Privacy-Shield-Abkommen zertifiziert:<\/p>\n\n\n\n<p><a href=\"https:\/\/www.privacyshield.gov\/participant?id=a2zt0000000GnywAAC&amp;status=Active\">https:\/\/www.privacyshield.gov\/participant?id=a2zt0000000GnywAAC&amp;status=Active<\/a><\/p>\n\n\n\n<p>Facebook: <a href=\"https:\/\/www.facebook.com\/policy.php\" target=\"_blank\" rel=\"noreferrer noopener\">https:\/\/www.facebook.com\/policy.php<\/a><\/p>\n\n\n\n<p>Anbieter: Facebook Inc., 1601 Willow Road, Nelo Park, CA 94025, USA<\/p>\n\n\n\n<p>\u200b<strong>7. Hyperlinks zu anderen Websites<\/strong><\/p>\n\n\n\n<p>Diese Website enth\u00e4lt Hyperlinks zu anderen Webseiten, die nicht vom Verein&nbsp;betrieben werden. Wir \u00fcberwachen diese Webseiten&nbsp;nicht und sind weder f\u00fcr deren Inhalt noch deren Umgang mit pers\u00f6nlichen Daten verantwortlich.<\/p>\n\n\n\n<p>\u200b<strong>8. \u00c4nderungen dieser Datenschutzerkl\u00e4rung<\/strong><\/p>\n\n\n\n<p>Aufgrund aktueller Gegebenheiten, wie z. B. einer \u00c4nderung der einschl\u00e4gigen datenschutzrechtlichen Bestimmungen, werden wir &#8211; falls n\u00f6tig -, diese Datenschutzerkl\u00e4rung aktualisieren.<\/p>\n\n\n\n<p>\u200b<\/p>\n\n\n\n<p>Stand der Erkl\u00e4rung: November&nbsp;2018<\/p>\n","protected":false},"excerpt":{"rendered":"<p>Verein Erhalt Abbe&#8217;schen Gedankenguts e.V. \u200bAdalbert Han\u00dfen Elsterweg 4 73434 Aalen Tel.: +49 7361 5280947vorstand@abbeverein.de Wir pr\u00fcfen und aktualisieren die Informationen auf unserer Webseite sehr h\u00e4ufig. Trotz aller Sorgfalt k\u00f6nnen sich die Angaben inzwischen ver\u00e4ndert haben. Eine Haftung oder Garantie f\u00fcr die Aktualit\u00e4t, Richtigkeit und Vollst\u00e4ndigkeit der zur Verf\u00fcgung gestellten Informationen kann deshalb nicht \u00fcbernommen &hellip; <\/p>\n<p class=\"link-more\"><a href=\"https:\/\/abbeverein.de\/?page_id=40\" class=\"more-link\"><span class=\"screen-reader-text\">\u201eImpressum und Datenschutzerkl\u00e4rung\u201c <\/span>weiterlesen<\/a><\/p>\n","protected":false},"author":1,"featured_media":0,"parent":0,"menu_order":0,"comment_status":"closed","ping_status":"closed","template":"","meta":{"footnotes":""},"class_list":["post-40","page","type-page","status-publish","hentry","entry"],"_links":{"self":[{"href":"https:\/\/abbeverein.de\/index.php?rest_route=\/wp\/v2\/pages\/40","targetHints":{"allow":["GET"]}}],"collection":[{"href":"https:\/\/abbeverein.de\/index.php?rest_route=\/wp\/v2\/pages"}],"about":[{"href":"https:\/\/abbeverein.de\/index.php?rest_route=\/wp\/v2\/types\/page"}],"author":[{"embeddable":true,"href":"https:\/\/abbeverein.de\/index.php?rest_route=\/wp\/v2\/users\/1"}],"replies":[{"embeddable":true,"href":"https:\/\/abbeverein.de\/index.php?rest_route=%2Fwp%2Fv2%2Fcomments&post=40"}],"version-history":[{"count":6,"href":"https:\/\/abbeverein.de\/index.php?rest_route=\/wp\/v2\/pages\/40\/revisions"}],"predecessor-version":[{"id":490,"href":"https:\/\/abbeverein.de\/index.php?rest_route=\/wp\/v2\/pages\/40\/revisions\/490"}],"wp:attachment":[{"href":"https:\/\/abbeverein.de\/index.php?rest_route=%2Fwp%2Fv2%2Fmedia&parent=40"}],"curies":[{"name":"wp","href":"https:\/\/api.w.org\/{rel}","templated":true}]}}