{"id":51,"date":"2019-01-06T01:31:10","date_gmt":"2019-01-06T01:31:10","guid":{"rendered":"http:\/\/abbeverein.de\/?page_id=51"},"modified":"2019-02-24T18:54:24","modified_gmt":"2019-02-24T17:54:24","slug":"literatur-von-ernst-abbe-band-1","status":"publish","type":"page","link":"https:\/\/abbeverein.de\/?page_id=51","title":{"rendered":"Literatur von Ernst Abbe : Band 1"},"content":{"rendered":"\n<p><strong>Gesammelte Abhandlungen von Ernst Abbe, Band 1<\/strong><\/p>\n\n\n\n<p>Inhaltsverzeichnisse<\/p>\n\n\n\n<p><strong>\u200b<\/strong><strong>I. <\/strong>Ueber einen Spectralapparat am Mikroskop. Mit Fig. &nbsp; &nbsp; &nbsp; &nbsp; &nbsp; &nbsp; &nbsp; &nbsp; &nbsp; &nbsp; &nbsp; &nbsp; &nbsp; &nbsp; &nbsp; &nbsp; &nbsp; &nbsp; &nbsp; &nbsp; &nbsp; &nbsp; &nbsp; &nbsp; &nbsp; &nbsp;&nbsp; &nbsp; &nbsp; &nbsp; &nbsp; &nbsp; &nbsp; &nbsp; &nbsp;11-13<\/p>\n\n\n\n<p>\u200b<strong>II. \u200b<\/strong>Ueber die Bestimmung der Lichtst\u00e4rke optischer Instrumente. Mitbesonderer Ber\u00fccksichtigung des<\/p>\n\n\n\n<p>Mikroskops und der Apparate zur Lichtconcentration. Mit Fig. 2-7 &nbsp; &nbsp; &nbsp; &nbsp;                         &nbsp; &nbsp; &nbsp; &nbsp; &nbsp; &nbsp; &nbsp; &nbsp; &nbsp; 14-44<\/p>\n\n\n\n<p><strong>III.<\/strong><a rel=\"noreferrer noopener\" aria-label=\" (\u00f6ffnet in neuem Tab)\" href=\"https:\/\/abbeverein.de\/wp-content\/uploads\/2019\/01\/E_Abbe_Bd1_3_Mikroskoptheorie_(pp45-100)_1873-00-00_aus_odt.pdf\" target=\"_blank\">Beitr\u00e4ge zur Theorie des Mikroskops und der mikroskopischen Wahrnehmung\u00a0<\/a> \u00a0 \u00a0 \u00a0 \u00a0 \u00a0 \u00a0 \u00a0 \u00a0 \u00a0   \u00a0 45-100<\/p>\n\n\n\n<p><strong>IV. <\/strong>Ueber einen neuen Beleuchtungsapparat am Mikroskop. Mit Fig. 8 \u00a0 \u00a0 \u00a0 \u00a0 \u00a0 \u00a0 \u00a0 \u00a0 \u00a0 \u00a0 \u00a0 \u00a0 \u00a0 \u00a0 \u00a0 \u00a0 \u00a0 \u00a0 \u00a0 \u00a0 101-112<\/p>\n\n\n\n<p>\u200b<strong>V.<\/strong>Beschreibung des Apertometers (Description of Professor ABBE&#8217;s Apertometer, with Instructions for its Use). Mit Tafel 1.\u00dcbersetzt von H. AMBRONN \u00a0 \u00a0 \u00a0 \u00a0 \u00a0 \u00a0 \u00a0 \u00a0 \u00a0 \u00a0 \u00a0 \u00a0 \u00a0 \u00a0 \u00a0 \u00a0 \u00a0 \u00a0 \u00a0 \u00a0 \u00a0 \u00a0 \u00a0 \u00a0\u00a0 \u00a0 \u00a0 \u00a0 \u00a0 \u00a0 \u00a0 \u00a0      \u00a0 \u00a0113-118<\/p>\n\n\n\n<p>\u200b<strong>VI. <\/strong>Die optischen H\u00fclfsmittel der Mikroskopie \u00a0119-164 \u00a0 \u00a0 \u00a0 \u00a0 \u00a0 \u00a0 \u00a0 \u00a0 \u00a0 \u00a0 \u00a0 \u00a0 \u00a0 \u00a0 \u00a0 \u00a0 \u00a0 \u00a0 \u00a0 \u00a0 \u00a0 \u00a0 \u00a0 \u00a0 \u00a0 \u00a0 \u00a0 \u00a0 \u00a0 \u00a0 \u00a0 \u00a0119-164<\/p>\n\n\n\n<p>\u200b<strong>VII. <\/strong>Ueber mikrometrische Messung mittelst optischer Bilder \u00a0 \u00a0 \u00a0 \u00a0 \u00a0 \u00a0 \u00a0 \u00a0 \u00a0 \u00a0 \u00a0 \u00a0 \u00a0 \u00a0 \u00a0 \u00a0 \u00a0 \u00a0 \u00a0 \u00a0 \u00a0 \u00a0 \u00a0 \u00a0 \u00a0 \u00a0 \u00a0 165-172<\/p>\n\n\n\n<p>\u200b<strong>VIII. <\/strong>Ueber Blutk\u00f6rper-Z\u00e4hlung \u00a0 \u00a0 \u00a0 \u00a0 \u00a0 \u00a0 \u00a0 \u00a0 \u00a0 \u00a0 \u00a0 \u00a0 \u00a0 \u00a0 \u00a0 \u00a0 \u00a0 \u00a0 \u00a0 \u00a0 \u00a0 \u00a0 \u00a0 \u00a0 \u00a0 \u00a0 \u00a0 \u00a0 \u00a0 \u00a0 \u00a0 \u00a0 \u00a0 \u00a0 \u00a0 \u00a0 \u00a0 \u00a0 \u00a0 \u00a0 \u00a0 \u00a0 \u00a0 \u00a0 \u00a0 \u00a0 \u00a0 \u00a0 \u00a0 \u00a0 \u00a0173-180<\/p>\n\n\n\n<p>\u200b<strong>IX. <\/strong>Ueber Stephenson&#8217;s System der homogenen Immersion bei Mikroskop-Objektiven \u00a0 \u00a0 \u00a0 \u00a0 \u00a0 \u00a0 \u00a0\u00a0181-195<\/p>\n\n\n\n<p>\u200b<strong>X.<\/strong>\u00dcber neue Methoden zur Verbesserung der sph\u00e4rischen Korrektion, angewandt auf die Konstruktion von Objektiven gro\u00dfer Apertur. Mit Fig. 9. (On New Methods for Improving Spberical Correction, applied to the Construction of Wide angled Object-glasses). \u00dcbersetzt von M. v. ROHR \u00a0 \u00a0 \u00a0 \u00a0 \u00a0 \u00a0 196-212<\/p>\n\n\n\n<p>\u200b<strong>XI. <\/strong><a href=\"https:\/\/abbeverein.de\/wp-content\/uploads\/2019\/01\/E.Abbe_Bd1.11_Sinusbedingung (pp213-227)_1879-11-28.pdf\" target=\"_blank\" rel=\"noreferrer noopener\" aria-label=\"Ueber die Bedingungen des Aplanatismus der Linsensysteme (\u00f6ffnet in neuem Tab)\">Ueber die Bedingungen des Aplanatismus der Linsensysteme<\/a> Mit Tafel II \u00a0 \u00a0 \u00a0 \u00a0 \u00a0 \u00a0 \u00a0 \u00a0 \u00a0 \u00a0 \u00a0 \u00a0 \u00a0 \u00a0 213-226<\/p>\n\n\n\n<p>\u200b<strong>XII. <\/strong>Einige Bemerkungen \u00fcber das Apertometer. (Some Remarks on the Apertometer). \u00dcbersetzt von S. CZAPSKI\u00a0 \u00a0 \u00a0 \u00a0 \u00a0 \u00a0 \u00a0 \u00a0 \u00a0 \u00a0 \u00a0 \u00a0 \u00a0 \u00a0 \u00a0 \u00a0 \u00a0 \u00a0 \u00a0 \u00a0 \u00a0 \u00a0 \u00a0 \u00a0 \u00a0 \u00a0 \u00a0 \u00a0 \u00a0 \u00a0 \u00a0 \u00a0 \u00a0 \u00a0 \u00a0 \u00a0 \u00a0 \u00a0 \u00a0 \u00a0 \u00a0 \u00a0 \u00a0 \u00a0 \u00a0 \u00a0 \u00a0 \u00a0 \u00a0\u00a0 \u00a0 \u00a0 \u00a0 \u00a0 \u00a0 \u00a0 \u00a0 \u00a0 \u00a0 \u00a0 \u00a0 \u00a0 \u00a0 \u00a0 \u00a0 \u00a0 \u00a0 \u00a0 \u00a0 227-243<\/p>\n\n\n\n<p><strong>XIII.<\/strong>Beschreibung eines neuen stereoskopischen Oculars, nebst allgemeinen Bemerkungen \u00fcber die Bedingungen mikro-stereo-skopischer Beobachtung. Mit Fig. 10-13 \u00a0 \u00a0 \u00a0 \u00a0 \u00a0 \u00a0 \u00a0 \u00a0 \u00a0 \u00a0 \u00a0 \u00a0 \u00a0 \u00a0 \u00a0 \u00a0 \u00a0    \u00a0 \u00a0 \u00a0 \u00a0 244-272<\/p>\n\n\n\n<p>\u200b<strong>XIV.<\/strong>Ueber die Grenzen der geometrischen Optik. Mit Vorbemerkungen \u00fcber die Abhandlung \u201eZur Theorie der Bilderzeugung&#8221; von Dr. R. ALTMANN. Mit Fig. 14 \u00a0 \u00a0 \u00a0 \u00a0 \u00a0 \u00a0 \u00a0 \u00a0 \u00a0 \u00a0 \u00a0 \u00a0 \u00a0 \u00a0 \u00a0 \u00a0 \u00a0 \u00a0 \u00a0 \u00a0 \u00a0 \u00a0 \u00a0 \u00a0 \u00a0273-312<\/p>\n\n\n\n<p>\u200b<strong>XV.<\/strong>\u00dcber die Bedingungen der orthoskopischen und pseudo-skopischen Wirkungen in dem binokularen Mikroskop. Mit Fig. 15-17. (On the Conditions of Orthoscopic and Pseudo-Scopic Effects in the Binocular Microscope). \u00dcbersetzt von H. AMBRONN \u00a0 \u00a0 \u00a0 \u00a0 \u00a0 \u00a0 \u00a0 \u00a0 \u00a0 \u00a0 \u00a0 \u00a0 \u00a0 \u00a0 \u00a0 \u00a0\u00a0 \u00a0 \u00a0 \u00a0 \u00a0 \u00a0 \u00a0 \u00a0 \u00a0 \u00a0 \u00a0 \u00a0 \u00a0 \u00a0 \u00a0 \u00a0 \u00a0313-321<\/p>\n\n\n\n<p>\u200b<strong>XVI.<\/strong>\u00dcber die Bemessung der Apertur heim Mikroskop. Mit Fig. 18-20. (On the Estimation of Aperture in the Microscope) \u00a0\u00dcbersetzt von A. K\u00d6NIG \u00a0 \u00a0 \u00a0 \u00a0 \u00a0 \u00a0 \u00a0 \u00a0 \u00a0 \u00a0 \u00a0 \u00a0 \u00a0 \u00a0 \u00a0 \u00a0 \u00a0 \u00a0 \u00a0 \u00a0 \u00a0 \u00a0 \u00a0 \u00a0 \u00a0 \u00a0 \u00a0 \u00a0 \u00a0 \u00a0 \u00a0 \u00a0 \u00a0 \u00a0 \u00a0 \u00a0 \u00a0 \u00a0 \u00a0 325-374<\/p>\n\n\n\n<p>\u200b<strong>XVII.<\/strong>Die Beziehungen zwischen Apertur und Vergr\u00f6\u00dferung beim Mikroskop. (The Relation of Aperture and Power in the Microscope.) \u00dcbersetzt von M. v. ROHR \u00a0 \u00a0 \u00a0 \u00a0 \u00a0 \u00a0 \u00a0 \u00a0 \u00a0 \u00a0 \u00a0 \u00a0 \u00a0 \u00a0 \u00a0 \u00a0 \u00a0 \u00a0 \u00a0 \u00a0 \u00a0 \u00a0 \u00a0 \u00a0 \u00a0 \u00a0 \u00a0 \u00a0 \u00a0 375-435<\/p>\n\n\n\n<p>\u200b<strong>XVIII.<\/strong>\u00dcber die Art des Sehens mit Objektiven von gro\u00dfer \u00d6ffnung. mit Fig. 21-27. (On the Mode of Vision with Objectives of Wide Aperture.) \u00dcbersetzt von H. AMBRONN \u00a0 \u00a0 \u00a0 \u00a0 \u00a0 \u00a0 \u00a0 \u00a0 \u00a0 \u00a0      \u00a0 \u00a0 \u00a0 \u00a0 436-444<\/p>\n\n\n\n<p>\u200b<strong>XIX.<\/strong>Bemerkungen \u00fcber die richtige Definition der Vergr\u00f6\u00dferung einer Linse oder eines Linsensystems. Mit Fig. 28. (Note an the Proper Definition of the Amplifying Power of a Lens or a Lens-system.) \u00dcbersetzt von A. K\u00d6NIG \u00a0 \u00a0 \u00a0 \u00a0 \u00a0 \u00a0 \u00a0 \u00a0 \u00a0 \u00a0 \u00a0 \u00a0 \u00a0 \u00a0 \u00a0 \u00a0 \u00a0 \u00a0 \u00a0 \u00a0 \u00a0 \u00a0 \u00a0 \u00a0 \u00a0 \u00a0 \u00a0 \u00a0 \u00a0 \u00a0 \u00a0 \u00a0 \u00a0 \u00a0 \u00a0 \u00a0 \u00a0 \u00a0 \u00a0 \u00a0 \u00a0 \u00a0 \u00a0 \u00a0 \u00a0 \u00a0 \u00a0 \u00a0 \u00a0 \u00a0 \u00a0 \u00a0 \u00a0 \u00a0 \u00a0445-449<\/p>\n\n\n\n<p>\u200b<strong>XX.<\/strong>Ueber Neue Mikroskope. Ueber Verbesserungen des Mikroskops mit Hilfe neuer Arten optischen Glases \u00a0 \u00a0 \u00a0 \u00a0 \u00a0 \u00a0 \u00a0 \u00a0 \u00a0 \u00a0 \u00a0 \u00a0 \u00a0 \u00a0 \u00a0 \u00a0 \u00a0 \u00a0 \u00a0 \u00a0 \u00a0 \u00a0 \u00a0 \u00a0 \u00a0 \u00a0 \u00a0 \u00a0 \u00a0 \u00a0 \u00a0 \u00a0 \u00a0 \u00a0 \u00a0 \u00a0 \u00a0 \u00a0 \u00a0 \u00a0 \u00a0 \u00a0 \u00a0 \u00a0 \u00a0 \u00a0 \u00a0 \u00a0 \u00a0 \u00a0 \u00a0 \u00a0 \u00a0 \u00a0 \u00a0 \u00a0 \u00a0 \u00a0 \u00a0       \u00a0 \u00a0 \u00a0 \u00a0 \u00a0 \u00a0 \u00a0 \u00a0 450-472<\/p>\n\n\n\n<p>\u200b<strong>XXI.<\/strong>\u00dcber die Wirkung der Beleuchtung durch weitge\u00f6ffnete Strahlenkegel. Mit Fig. 29. (On the Effect of Illumination by means of Wide-angled Cones of Light.) \u00dcbersetzt von H. AMBRONN \u00a0 \u00a0 \u00a0 \u00a0 \u00a0 473-477<\/p>\n\n\n\n<p>\u200b<strong>XXII. <\/strong>Ueber die Verwendung des Fluorits f\u00fcr optische Zwecke \u00a0 \u00a0 \u00a0 \u00a0 \u00a0 \u00a0 \u00a0 \u00a0 \u00a0 \u00a0 \u00a0 \u00a0 \u00a0 \u00a0 \u00a0 \u00a0 \u00a0 \u00a0  \u00a0 \u00a0 \u00a0 \u00a0 \u00a0 \u00a0478-486<\/p>\n","protected":false},"excerpt":{"rendered":"<p>Gesammelte Abhandlungen von Ernst Abbe, Band 1 Inhaltsverzeichnisse \u200bI. Ueber einen Spectralapparat am Mikroskop. Mit Fig. &nbsp; &nbsp; &nbsp; &nbsp; &nbsp; &nbsp; &nbsp; &nbsp; &nbsp; &nbsp; &nbsp; &nbsp; &nbsp; &nbsp; &nbsp; &nbsp; &nbsp; &nbsp; &nbsp; &nbsp; &nbsp; &nbsp; &nbsp; &nbsp; &nbsp; &nbsp;&nbsp; &nbsp; &nbsp; &nbsp; &nbsp; &nbsp; &nbsp; &nbsp; &nbsp;11-13 \u200bII. \u200bUeber die Bestimmung der &hellip; <\/p>\n<p class=\"link-more\"><a href=\"https:\/\/abbeverein.de\/?page_id=51\" class=\"more-link\"><span class=\"screen-reader-text\">\u201eLiteratur von Ernst Abbe : Band 1\u201c <\/span>weiterlesen<\/a><\/p>\n","protected":false},"author":1,"featured_media":0,"parent":0,"menu_order":0,"comment_status":"closed","ping_status":"closed","template":"","meta":{"footnotes":""},"class_list":["post-51","page","type-page","status-publish","hentry","entry"],"_links":{"self":[{"href":"https:\/\/abbeverein.de\/index.php?rest_route=\/wp\/v2\/pages\/51","targetHints":{"allow":["GET"]}}],"collection":[{"href":"https:\/\/abbeverein.de\/index.php?rest_route=\/wp\/v2\/pages"}],"about":[{"href":"https:\/\/abbeverein.de\/index.php?rest_route=\/wp\/v2\/types\/page"}],"author":[{"embeddable":true,"href":"https:\/\/abbeverein.de\/index.php?rest_route=\/wp\/v2\/users\/1"}],"replies":[{"embeddable":true,"href":"https:\/\/abbeverein.de\/index.php?rest_route=%2Fwp%2Fv2%2Fcomments&post=51"}],"version-history":[{"count":9,"href":"https:\/\/abbeverein.de\/index.php?rest_route=\/wp\/v2\/pages\/51\/revisions"}],"predecessor-version":[{"id":437,"href":"https:\/\/abbeverein.de\/index.php?rest_route=\/wp\/v2\/pages\/51\/revisions\/437"}],"wp:attachment":[{"href":"https:\/\/abbeverein.de\/index.php?rest_route=%2Fwp%2Fv2%2Fmedia&parent=51"}],"curies":[{"name":"wp","href":"https:\/\/api.w.org\/{rel}","templated":true}]}}