{"id":52,"date":"2019-01-06T01:31:10","date_gmt":"2019-01-06T01:31:10","guid":{"rendered":"http:\/\/abbeverein.de\/?page_id=52"},"modified":"2023-01-25T23:12:25","modified_gmt":"2023-01-25T22:12:25","slug":"literatur-von-ernst-abbe-band-2","status":"publish","type":"page","link":"https:\/\/abbeverein.de\/?page_id=52","title":{"rendered":"Literatur von Ernst Abbe : Band 2"},"content":{"rendered":"\n<p><strong>Gesammelte Abhandlungen von Ernst Abbe, Band 2<\/strong><\/p>\n\n\n\n<p><strong>I. <\/strong><a rel=\"noreferrer noopener\" href=\"https:\/\/abbeverein.de\/wp-content\/uploads\/2023\/01\/1861-00-00_Ernst_Abbe_Band_2-1_S_1-32_Waerme_u_mechanische_Arbeit.pdf\" target=\"_blank\">Erfahrungsm\u00e4ssige Begr\u00fcndung des Satzes von der Aequivalenz zwischen W\u00e4rme und mechanischer Arbeit<\/a>  &#8211; Dissertation von Ernst Abbe als PDF                                                                                                                                          \u00a0 \u00a0 \u00a0 \u00a01-32<\/p>\n\n\n\n<p>\u200b<strong>II. <\/strong>Collimator-Mire auf dem Paulsthurme &nbsp; &nbsp; &nbsp; &nbsp; &nbsp; &nbsp; &nbsp; &nbsp; &nbsp; &nbsp; &nbsp; &nbsp; &nbsp; &nbsp; &nbsp; &nbsp; &nbsp; &nbsp; &nbsp; &nbsp; &nbsp; &nbsp; &nbsp; &nbsp; &nbsp; &nbsp; &nbsp; &nbsp; &nbsp; &nbsp; &nbsp; &nbsp; &nbsp; &nbsp; &nbsp; &nbsp; &nbsp; &nbsp; &nbsp; &nbsp; &nbsp; &nbsp; &nbsp; &nbsp; 33-40<\/p>\n\n\n\n<p>\u200b<strong>III. <\/strong>Vorschlag zu einer ver\u00e4nderten Einrichtung der Meridian-Instrumente &nbsp; &nbsp; &nbsp; &nbsp; &nbsp; &nbsp;  &nbsp; &nbsp; &nbsp; &nbsp; &nbsp; &nbsp; &nbsp; &nbsp; &nbsp; &nbsp; &nbsp; &nbsp;41-54<\/p>\n\n\n\n<p>\u200b<strong>IV. <\/strong>Ueber die Gesetzm\u00e4ssigkeit in der Vertheilung der Fehler bei Beobachtungsreihen &nbsp; &nbsp; &nbsp; &nbsp; &nbsp; &nbsp; &nbsp; &nbsp; 55-81<\/p>\n\n\n\n<p><strong>V. <\/strong>Neue Apparate zur Bestimmung des Brechungs- und Zerstreuungsverm\u00f6gens fester und fl\u00fcssiger K\u00f6rper. Mit Fig. 1-7 und Tafel 1 &nbsp; &nbsp; &nbsp; &nbsp; &nbsp; &nbsp; &nbsp; &nbsp; &nbsp; &nbsp; &nbsp; &nbsp; &nbsp; &nbsp; &nbsp; &nbsp; &nbsp; &nbsp; &nbsp; &nbsp; &nbsp; &nbsp; &nbsp; &nbsp; &nbsp; &nbsp; &nbsp; &nbsp; &nbsp; &nbsp; &nbsp; &nbsp; &nbsp; &nbsp; &nbsp; &nbsp; &nbsp; &nbsp; &nbsp; &nbsp;      &nbsp; &nbsp; &nbsp; &nbsp; &nbsp; &nbsp; &nbsp; &nbsp; 82-164<\/p>\n\n\n\n<p>\u200b<strong>VI.<\/strong> Referat: 1. Wilibald Schmidt, Die Brechung des Lichts in Gl\u00e4sern, insbesondere die achromatische und aplanatische Objectivlinse;<\/p>\n\n\n\n<p>2. Derselbe, Die Lichtbrechung im Wasser, nach FRAUNHOFERS Beobachtungen &nbsp; &nbsp; &nbsp;&nbsp; &nbsp; &nbsp; &nbsp; &nbsp; &nbsp; 165-168<\/p>\n\n\n\n<p>\u200b<strong>VII. <\/strong>Ueber die Bestimmung der Brechungs-Verh\u00e4ltnisse fester K\u00f6rper mittelst<br>        des Refraktometers &nbsp;                                                                                       &nbsp; &nbsp; &nbsp; &nbsp; &nbsp; &nbsp; &nbsp; &nbsp; &nbsp; &nbsp; &nbsp; &nbsp; &nbsp;169-179<\/p>\n\n\n\n<p>\u200b<strong>VIII. <\/strong>Ueber die Bestimmung von Zeit und Polh\u00f6he aus Beobachtungen<br>          in H\u00f6henparallelen &nbsp; &nbsp; &nbsp; &nbsp;                                                                      &nbsp; &nbsp; &nbsp; &nbsp; &nbsp; &nbsp; &nbsp; &nbsp; &nbsp; &nbsp; &nbsp; &nbsp; &nbsp; &nbsp; &nbsp; &nbsp; &nbsp; 180-189<\/p>\n\n\n\n<p>\u200b<strong>IX. <\/strong>Referat: Galileo Ferraris, Die Fundamental-Eigenschaften der dioptrischen Instrumente &nbsp; &nbsp; &nbsp; 190-193<\/p>\n\n\n\n<p>\u200b<strong>X. <\/strong>Productionsverzeichniss des glastechnischen Laboratoriums von <br>     Schott und Genossen in Jena                                                                           &nbsp; &nbsp; &nbsp; &nbsp; &nbsp; &nbsp; &nbsp; &nbsp; &nbsp; &nbsp; &nbsp; &nbsp;&nbsp; &nbsp; 194-205<\/p>\n\n\n\n<p>\u200b<strong>XI. <\/strong>Messapparate f\u00fcr Physiker. Mit Fig. 8-10 &nbsp; &nbsp; &nbsp; &nbsp; &nbsp; &nbsp; &nbsp; &nbsp; &nbsp; &nbsp; &nbsp; &nbsp; &nbsp; &nbsp; &nbsp; &nbsp; &nbsp; &nbsp; &nbsp; &nbsp; &nbsp; &nbsp; &nbsp; &nbsp; &nbsp; &nbsp; &nbsp; &nbsp;      &nbsp; &nbsp; &nbsp; &nbsp; &nbsp; &nbsp; &nbsp; &nbsp;&nbsp; &nbsp; &nbsp;206-211<\/p>\n\n\n\n<p>\u200b<strong>XII. <\/strong>Methode zur Ermittelung zeitlicher Variationen der Lothlinie &nbsp; &nbsp; &nbsp; &nbsp; &nbsp; &nbsp; &nbsp; &nbsp; &nbsp; &nbsp; &nbsp;&nbsp;        &nbsp; &nbsp; &nbsp; &nbsp; &nbsp; &nbsp; &nbsp; &nbsp; 212-214<\/p>\n\n\n\n<p>\u200b<strong>XIII. <\/strong>Apparat zur Bestimmung der Brennweite von Linsensystemen (Fokometer).<br>          Mit Fig. 11 U. 12 &nbsp; &nbsp; &nbsp; &nbsp;                                                                                   &nbsp; &nbsp; &nbsp; &nbsp; &nbsp; &nbsp; &nbsp; &nbsp; &nbsp; &nbsp; &nbsp; &nbsp; 215-218<\/p>\n\n\n\n<p>\u200b<strong>XIV. <\/strong>Ueber die Entstehung von Kometen und Meteoriten aus Planeten &nbsp; &nbsp; &nbsp; &nbsp; &nbsp; &nbsp;&nbsp;&nbsp; &nbsp; &nbsp; &nbsp; &nbsp; &nbsp; &nbsp; &nbsp; &nbsp; &nbsp; &nbsp; &nbsp; &nbsp;219-229<\/p>\n\n\n\n<p>\u200b<strong>XV. <\/strong>Berechnung des wahrscheinlichen Fehlers bei der Bestimmung von<br>        Mittelwerthen durch Abz\u00e4hlen &nbsp; &nbsp; &nbsp;                                                                         &nbsp; &nbsp; &nbsp; &nbsp; &nbsp; &nbsp; &nbsp; &nbsp; 230-235<\/p>\n\n\n\n<p>\u200b<strong>XVI. <\/strong>Apparate zur Bestimmung des Brechungsexponenten und der Dispersion<br>         von Fl\u00fcssigkeiten                                                                                 &nbsp; &nbsp; &nbsp; &nbsp; &nbsp; &nbsp; &nbsp; &nbsp; &nbsp; &nbsp; &nbsp; &nbsp; &nbsp; &nbsp; &nbsp; &nbsp; &nbsp; 236-238<\/p>\n\n\n\n<p>\u200b<strong>XVII. <\/strong>Ueber einen mikrometrischen Apparat &nbsp; &nbsp; &nbsp; &nbsp; &nbsp; &nbsp; &nbsp; &nbsp; &nbsp; &nbsp; &nbsp; &nbsp; &nbsp; &nbsp; &nbsp; &nbsp; &nbsp; &nbsp; &nbsp; &nbsp; &nbsp; &nbsp; &nbsp; &nbsp; &nbsp; &nbsp; &nbsp; &nbsp; &nbsp; &nbsp; &nbsp; &nbsp; &nbsp; &nbsp; &nbsp; &nbsp;  &nbsp; &nbsp; 239-242<\/p>\n\n\n\n<p>\u200b<strong>XVIII. <\/strong>Ueber Folgerungen aus dem Interferenzprinzip &nbsp; &nbsp; &nbsp; &nbsp; &nbsp; &nbsp; &nbsp; &nbsp; &nbsp; &nbsp; &nbsp; &nbsp; &nbsp; &nbsp; &nbsp; &nbsp; &nbsp; &nbsp; &nbsp; &nbsp; &nbsp; &nbsp;  &nbsp; &nbsp; &nbsp; &nbsp; &nbsp; &nbsp; &nbsp; &nbsp; &nbsp;243-246<\/p>\n\n\n\n<p>\u200b<strong>Patentschriften<\/strong><\/p>\n\n\n\n<p>\u200b<strong>IXX. <\/strong>Doppelprisma f\u00fcr Refraktometer. Mit Fig. 13 &nbsp; &nbsp; &nbsp; &nbsp; &nbsp; &nbsp; &nbsp; &nbsp; &nbsp; &nbsp; &nbsp; &nbsp; &nbsp; &nbsp; &nbsp; &nbsp; &nbsp; &nbsp; &nbsp; &nbsp; &nbsp; &nbsp; &nbsp; &nbsp; &nbsp; &nbsp; &nbsp; &nbsp; &nbsp; &nbsp; &nbsp; &nbsp; &nbsp; &nbsp; 249-252<\/p>\n\n\n\n<p>\u200b<strong>XX. <\/strong>Fernrohrocular mit weit abliegendem Augenpunkt. Mit Fig. 14 &nbsp; &nbsp; &nbsp; &nbsp; &nbsp; &nbsp; &nbsp; &nbsp; &nbsp; &nbsp;&nbsp; &nbsp; &nbsp; &nbsp; &nbsp; &nbsp; &nbsp; &nbsp; &nbsp; &nbsp; &nbsp; &nbsp;253-256<\/p>\n\n\n\n<p>\u200b<strong>XXI. <\/strong>Justirvorrichtung f\u00fcr Entfernungsmesser mit zwei Fernrohren. Mit Tafel II &nbsp; &nbsp;  &nbsp; &nbsp; &nbsp; &nbsp; &nbsp; &nbsp; &nbsp; &nbsp; &nbsp;257-261<\/p>\n\n\n\n<p>\u200b<strong>XXII. <\/strong>Doppelfernrohr. Mit Tafel III &nbsp; &nbsp; &nbsp; &nbsp; &nbsp; &nbsp; &nbsp; &nbsp; &nbsp; &nbsp; &nbsp; &nbsp; &nbsp; &nbsp; &nbsp; &nbsp; &nbsp; &nbsp; &nbsp; &nbsp; &nbsp; &nbsp; &nbsp; &nbsp; &nbsp; &nbsp; &nbsp; &nbsp; &nbsp; &nbsp; &nbsp; &nbsp; &nbsp; &nbsp; &nbsp; &nbsp; &nbsp; &nbsp; &nbsp; &nbsp; &nbsp; &nbsp; &nbsp; &nbsp; &nbsp; &nbsp;262-266<\/p>\n\n\n\n<p>\u200b<strong>XXIII. <\/strong>Doppelfernrohr mit vergr\u00f6ssertem Objectivabstand. Mit Tafel IV &nbsp; &nbsp; &nbsp; &nbsp; &nbsp; &nbsp; &nbsp; &nbsp; &nbsp; &nbsp; &nbsp; &nbsp; &nbsp; &nbsp; &nbsp; &nbsp; &nbsp; 267-274<\/p>\n\n\n\n<p>\u200b<strong>XXIV. <\/strong>Stereoskopischer Entfernungsmesser &nbsp; &nbsp; &nbsp; &nbsp; &nbsp; &nbsp; &nbsp; &nbsp; &nbsp; &nbsp; &nbsp; &nbsp; &nbsp; &nbsp; &nbsp; &nbsp; &nbsp; &nbsp; &nbsp; &nbsp; &nbsp; &nbsp; &nbsp; &nbsp; &nbsp; &nbsp; &nbsp; &nbsp; &nbsp; &nbsp; &nbsp; &nbsp; &nbsp; &nbsp; &nbsp; &nbsp; &nbsp; &nbsp; &nbsp; &nbsp; 275-282<\/p>\n\n\n\n<p>\u200b<strong>XXV<\/strong>. Anamorphotisches Linsensystem. Mit Tafel V &nbsp; &nbsp; &nbsp; &nbsp; &nbsp; &nbsp; &nbsp; &nbsp; &nbsp; &nbsp; &nbsp; &nbsp; &nbsp; &nbsp; &nbsp; &nbsp; &nbsp; &nbsp; &nbsp; &nbsp; &nbsp; &nbsp; &nbsp; &nbsp; &nbsp; &nbsp; &nbsp; &nbsp; &nbsp; &nbsp; &nbsp; &nbsp; &nbsp; &nbsp;283-295<\/p>\n\n\n\n<p>\u200b<strong>XXVI. <\/strong>Vorrichtung zur Betrachtung oder Wiedergabe eines Randteiles von einem durch ein Linsensystem entworfenen Bilde. MitTafel VI &nbsp; &nbsp; &nbsp; &nbsp; &nbsp; &nbsp; &nbsp; &nbsp; &nbsp; &nbsp; &nbsp; &nbsp; &nbsp; &nbsp; &nbsp; &nbsp; &nbsp; &nbsp; &nbsp; &nbsp; &nbsp; &nbsp;        &nbsp; &nbsp; &nbsp; &nbsp; &nbsp; &nbsp; &nbsp; &nbsp; &nbsp; &nbsp; &nbsp; &nbsp; &nbsp; &nbsp;296-300<\/p>\n\n\n\n<p>\u200b<strong>XXVII. <\/strong>Linsensystem mit Correction der Abweichungen schiefer B\u00fcschel. Mit Fig. 15 u. 16  &nbsp; &nbsp;301-310<\/p>\n\n\n\n<p>\u200b<strong>XXVIII.<\/strong>Verfahren, sph\u00e4roidische Fl\u00e4chen zu pr\u00fcfen und Abweichungen von der vorgeschriebenen Gestalt nach Lage und Gr\u00f6sse zu bestimmen. Mit Tafel VII &nbsp; &nbsp; &nbsp; &nbsp; &nbsp; &nbsp; &nbsp; &nbsp; &nbsp; &nbsp; &nbsp; &nbsp; &nbsp;           &nbsp; &nbsp; &nbsp; &nbsp; &nbsp; &nbsp; &nbsp; &nbsp; &nbsp; &nbsp; 311-316<\/p>\n\n\n\n<p>\u200b<strong>Ged\u00e4chtnisreden<\/strong><\/p>\n\n\n\n<p><strong>\u200bXXIX. <\/strong>Ged\u00e4chtnissrede auf JOSEPH FRAUNHOFER &nbsp; &nbsp; &nbsp; &nbsp; &nbsp; &nbsp; &nbsp; &nbsp; &nbsp; &nbsp; &nbsp; &nbsp; &nbsp; &nbsp;  &nbsp; &nbsp; &nbsp; &nbsp; &nbsp; &nbsp; &nbsp; &nbsp; &nbsp; &nbsp; &nbsp; &nbsp; &nbsp; &nbsp; &nbsp; &nbsp; 319-338<\/p>\n\n\n\n<p>\u200b<strong>XXX. <\/strong>Nachruf auf Carl Zeiss &nbsp; &nbsp; &nbsp; &nbsp; &nbsp; &nbsp; &nbsp; &nbsp; &nbsp; &nbsp; &nbsp; &nbsp; &nbsp; &nbsp; &nbsp; &nbsp; &nbsp; &nbsp; &nbsp; &nbsp; &nbsp; &nbsp; &nbsp; &nbsp; &nbsp; &nbsp; &nbsp; &nbsp; &nbsp; &nbsp; &nbsp; &nbsp;    &nbsp; &nbsp; &nbsp; &nbsp; &nbsp; &nbsp; &nbsp; &nbsp; &nbsp; &nbsp; &nbsp; &nbsp; &nbsp; &nbsp; &nbsp; &nbsp; &nbsp; &nbsp; 339-341<\/p>\n\n\n\n<p>\u200b<strong>XXXI. <\/strong>Ged\u00e4chtnissrede auf HERMANN SCH\u00c4FFER &nbsp; &nbsp; &nbsp; &nbsp; &nbsp; &nbsp; &nbsp; &nbsp; &nbsp; &nbsp; &nbsp; &nbsp; &nbsp; &nbsp; &nbsp; &nbsp; &nbsp; &nbsp; &nbsp; &nbsp; &nbsp;  &nbsp; &nbsp; &nbsp; &nbsp; &nbsp; &nbsp; &nbsp; &nbsp; &nbsp; &nbsp;342-346<\/p>\n\n\n\n<p> &nbsp; &nbsp; &nbsp; &nbsp; &nbsp; &nbsp; &nbsp; &nbsp; &nbsp; &nbsp; &nbsp; &nbsp; &nbsp; &nbsp; &nbsp; &nbsp; &nbsp; &nbsp; &nbsp; &nbsp; &nbsp; &nbsp; &nbsp; &nbsp; &nbsp; &nbsp; &nbsp; &nbsp; &nbsp; &nbsp; &nbsp; &nbsp; &nbsp; &nbsp; &nbsp; &nbsp; &nbsp; &nbsp; &nbsp;478-486<\/p>\n","protected":false},"excerpt":{"rendered":"<p>Gesammelte Abhandlungen von Ernst Abbe, Band 2 I. Erfahrungsm\u00e4ssige Begr\u00fcndung des Satzes von der Aequivalenz zwischen W\u00e4rme und mechanischer Arbeit &#8211; Dissertation von Ernst Abbe als PDF \u00a0 \u00a0 \u00a0 \u00a01-32 \u200bII. Collimator-Mire auf dem Paulsthurme &nbsp; &nbsp; &nbsp; &nbsp; &nbsp; &nbsp; &nbsp; &nbsp; &nbsp; &nbsp; &nbsp; &nbsp; &nbsp; &nbsp; &nbsp; &nbsp; &nbsp; &nbsp; &nbsp; &hellip; <\/p>\n<p class=\"link-more\"><a href=\"https:\/\/abbeverein.de\/?page_id=52\" class=\"more-link\"><span class=\"screen-reader-text\">\u201eLiteratur von Ernst Abbe : Band 2\u201c <\/span>weiterlesen<\/a><\/p>\n","protected":false},"author":1,"featured_media":0,"parent":0,"menu_order":0,"comment_status":"closed","ping_status":"closed","template":"","meta":{"footnotes":""},"class_list":["post-52","page","type-page","status-publish","hentry","entry"],"_links":{"self":[{"href":"https:\/\/abbeverein.de\/index.php?rest_route=\/wp\/v2\/pages\/52","targetHints":{"allow":["GET"]}}],"collection":[{"href":"https:\/\/abbeverein.de\/index.php?rest_route=\/wp\/v2\/pages"}],"about":[{"href":"https:\/\/abbeverein.de\/index.php?rest_route=\/wp\/v2\/types\/page"}],"author":[{"embeddable":true,"href":"https:\/\/abbeverein.de\/index.php?rest_route=\/wp\/v2\/users\/1"}],"replies":[{"embeddable":true,"href":"https:\/\/abbeverein.de\/index.php?rest_route=%2Fwp%2Fv2%2Fcomments&post=52"}],"version-history":[{"count":6,"href":"https:\/\/abbeverein.de\/index.php?rest_route=\/wp\/v2\/pages\/52\/revisions"}],"predecessor-version":[{"id":673,"href":"https:\/\/abbeverein.de\/index.php?rest_route=\/wp\/v2\/pages\/52\/revisions\/673"}],"wp:attachment":[{"href":"https:\/\/abbeverein.de\/index.php?rest_route=%2Fwp%2Fv2%2Fmedia&parent=52"}],"curies":[{"name":"wp","href":"https:\/\/api.w.org\/{rel}","templated":true}]}}