{"id":53,"date":"2019-01-06T01:31:11","date_gmt":"2019-01-06T01:31:11","guid":{"rendered":"http:\/\/abbeverein.de\/?page_id=53"},"modified":"2019-02-24T22:09:47","modified_gmt":"2019-02-24T21:09:47","slug":"literatur-von-ernst-abbe-band-3","status":"publish","type":"page","link":"https:\/\/abbeverein.de\/?page_id=53","title":{"rendered":"Literatur von Ernst Abbe : Band 3"},"content":{"rendered":"\n<p><strong>Gesammelte Abhandlungen von Ernst Abbe, Band 3<\/strong><\/p>\n\n\n\n<p><strong>I.<\/strong> <a href=\"http:\/\/www.gutenberg.org\/files\/19755\/19755-h\/19755-h.htm#I\" target=\"_blank\" rel=\"noreferrer noopener\" aria-label=\" (\u00f6ffnet in neuem Tab)\">Welche sozialen Forderungen soll die Freisinnige Volkspartei in ihr <br>    Programm aufnehmen? (1894)<\/a>                                                                                                          1-59<br>A.\u00a0<a rel=\"noreferrer noopener\" aria-label=\"Steuersystem (\u00f6ffnet in neuem Tab)\" href=\"http:\/\/www.gutenberg.org\/files\/19755\/19755-h\/19755-h.htm#A\" target=\"_blank\">Steuersystem<\/a> \u00a0 \u00a0 \u00a0 \u00a0 \u00a0 \u00a0 \u00a0 \u00a0 \u00a0 \u00a0 \u00a0 \u00a0 \u00a0 \u00a0 \u00a0 \u00a0 \u00a0 \u00a0 \u00a0 \u00a0 \u00a0 \u00a0 \u00a0 \u00a0 \u00a0 \u00a0 \u00a0 \u00a0 \u00a0 \u00a0 \u00a0 \u00a0 \u00a0 \u00a0 \u00a0 \u00a0 \u00a0 \u00a0 \u00a0 \u00a0 \u00a0 \u00a0 \u00a0 \u00a0 \u00a0 \u00a0 \u00a0 \u00a0 \u00a0 \u00a0 \u00a0 \u00a0 \u00a0 \u00a0 \u00a0 \u00a0 \u00a0 \u00a0 \u00a0 \u00a0 \u00a0 \u00a0 \u00a0  \u00a0 \u00a0 \u00a0 1<br>B. <a href=\"http:\/\/www.gutenberg.org\/files\/19755\/19755-h\/19755-h.htm#B\">Arbeiterschutz<\/a> \u00a0 \u00a0 \u00a0 \u00a0 \u00a0 \u00a0 \u00a0 \u00a0 \u00a0 \u00a0 \u00a0 \u00a0 \u00a0 \u00a0 \u00a0 \u00a0 \u00a0 \u00a0 \u00a0 \u00a0 \u00a0 \u00a0 \u00a0 \u00a0 \u00a0 \u00a0 \u00a0 \u00a0 \u00a0 \u00a0 \u00a0 \u00a0 \u00a0 \u00a0 \u00a0 \u00a0 \u00a0 \u00a0 \u00a0 \u00a0 \u00a0 \u00a0 \u00a0 \u00a0 \u00a0 \u00a0 \u00a0 \u00a0 \u00a0 \u00a0 \u00a0 \u00a0 \u00a0 \u00a0 \u00a0 \u00a0 \u00a0 \u00a0 \u00a0 \u00a0 \u00a0 \u00a0 \u00a0 \u00a0 \u00a0  26<br>C.\u00a0<a rel=\"noreferrer noopener\" aria-label=\"Anhang (Aus \u201eEntwurf zu einem Statut der Carl Zeiss-Stiftung&quot;) (\u00f6ffnet in neuem Tab)\" href=\"http:\/\/www.gutenberg.org\/files\/19755\/19755-h\/19755-h.htm#Anhang\" target=\"_blank\">Anhang (Aus \u201eEntwurf zu einem Statut der Carl Zeiss-Stiftung&#8221;)<\/a> \u00a0 \u00a0 \u00a0 \u00a0 \u00a0 \u00a0 \u00a0 \u00a0 \u00a0 \u00a0 \u00a0 \u00a0 \u00a0 \u00a0 \u00a0 \u00a0 \u00a0 \u00a0 \u00a0 \u00a0 \u00a0 \u00a0 \u00a0 \u00a0 \u00a0 \u00a0 \u00a0 56<\/p>\n\n\n\n<p><strong>II. <\/strong><a href=\"https:\/\/abbeverein.de\/wp-content\/uploads\/2019\/01\/gedaechtnisrede-zur-feier-des-50jaehrigen-bestehens-der-optischen-werkstaette.pdf\" target=\"_blank\" rel=\"noreferrer noopener\" aria-label=\" (\u00f6ffnet in neuem Tab)\">Ged\u00e4chtnisrede zur Feier des 50j\u00e4hrigen Bestehens der Optischen Werkst\u00e4tte (1896)<\/a> \u00a0 \u00a0 \u00a0 \u00a0 \u00a0 \u00a0 \u00a0 60-101<\/p>\n\n\n\n<p>\u200b<strong>III. <\/strong><a rel=\"noreferrer noopener\" aria-label=\"\u00dcber Gewinnbeteiligung der Arbeiter in der Gro\u00dfindustrie (1897) (\u00f6ffnet in neuem Tab)\" href=\"http:\/\/www.gutenberg.org\/files\/19755\/19755-h\/19755-h.htm#III\" target=\"_blank\">\u00dcber Gewinnbeteiligung der Arbeiter in der Gro\u00dfindustrie (1897)<\/a> \u00a0 \u00a0 \u00a0 \u00a0 \u00a0 \u00a0 \u00a0 \u00a0 \u00a0 \u00a0 \u00a0 \u00a0 \u00a0 \u00a0 \u00a0 \u00a0 \u00a0 \u00a0 \u00a0 \u00a0 \u00a0102-118<\/p>\n\n\n\n<p>\u200b<strong>IV. <\/strong><a href=\"http:\/\/www.gutenberg.org\/files\/19755\/19755-h\/19755-h.htm#IV\" target=\"_blank\" rel=\"noreferrer noopener\" aria-label=\"\u00dcber die Grundlagen der Lohnregelung in der Optischen Werkst\u00e4tte (1897) (\u00f6ffnet in neuem Tab)\">\u00dcber die Grundlagen der Lohnregelung in der Optischen Werkst\u00e4tte (1897)<\/a> \u00a0 \u00a0 \u00a0 \u00a0 \u00a0 \u00a0 \u00a0 \u00a0 \u00a0 \u00a0 \u00a0\u00a0  119-156<\/p>\n\n\n\n<p>\u200b<strong>V. <\/strong><a href=\"http:\/\/www.gutenberg.org\/files\/19755\/19755-h\/19755-h.htm#V\" target=\"_blank\" rel=\"noreferrer noopener\" aria-label=\"Zur Frage der Sonderbesteuerung des Konsumvereins (1898) (\u00f6ffnet in neuem Tab)\">Zur Frage der Sonderbesteuerung des Konsumvereins (1898)<\/a> \u00a0 \u00a0 \u00a0 \u00a0 \u00a0     \u00a0 \u00a0 \u00a0 \u00a0 \u00a0 \u00a0 \u00a0 \u00a0 \u00a0 \u00a0 \u00a0 \u00a0 \u00a0 \u00a0 \u00a0 \u00a0 \u00a0 \u00a0\u00a0157-169<\/p>\n\n\n\n<p>\u200b<strong>VI. <\/strong><a href=\"https:\/\/abbeverein.de\/wp-content\/uploads\/2019\/01\/abbes-rede-zur-volksversammlung-zu-jena-1901.pdf\" target=\"_blank\" rel=\"noreferrer noopener\" aria-label=\"Die rechtswidrige Beschr\u00e4nkung der Versammlungsfreiheit\n       im Gro\u00dfherzogtum Sachsen (1900) (\u00f6ffnet in neuem Tab)\">Die rechtswidrige Beschr\u00e4nkung der Versammlungsfreiheit<br>       im Gro\u00dfherzogtum Sachsen (1900)<\/a> \u00a0                                                                            \u00a0 \u00a0 \u00a0 \u00a0 \u00a0 \u00a0 \u00a0170-202<\/p>\n\n\n\n<p>\u200b<strong>VII. <\/strong>Die volkswirtschaftliche Bedeutung der Verk\u00fcrzung des industriellen Arbeitstages (1901)  \u00a0\u00a0203-249<\/p>\n\n\n\n<p>\u200b<strong>VIII.<\/strong> <a href=\"http:\/\/www.gutenberg.org\/files\/19755\/19755-h\/19755-h.htm#VIII\" target=\"_blank\" rel=\"noreferrer noopener\" aria-label=\"\u00dcber die Aufgaben des Arbeiterausschusses (1902) (\u00f6ffnet in neuem Tab)\">\u00dcber die Aufgaben des Arbeiterausschusses (1902)<\/a>  \u00a0 \u00a0 \u00a0 \u00a0 \u00a0 \u00a0 \u00a0 \u00a0 \u00a0 \u00a0 \u00a0 \u00a0 \u00a0 \u00a0     \u00a0 \u00a0 \u00a0 \u00a0 \u00a0 \u00a0 \u00a0 \u00a0 \u00a0 \u00a0 \u00a0 \u00a0 \u00a0 \u00a0 \u00a0250-261<\/p>\n\n\n\n<p>\u200b<strong>IX.<\/strong> <a href=\"http:\/\/www.gutenberg.org\/files\/19755\/19755-h\/19755-h.htm#IX\" target=\"_blank\" rel=\"noreferrer noopener\" aria-label=\"Statut der Carl Zeiss-Stiftung zu Jena (Text der Neuredaktion von 1906 mit den Varianten der Ausgabe von 1896) nebst Erg\u00e4nzungsstatut (1900) (\u00f6ffnet in neuem Tab)\">Statut der Carl Zeiss-Stiftung zu Jena (Text der Neuredaktion von 1906 mit den Varianten der Ausgabe von 1896) nebst Erg\u00e4nzungsstatut (1900)<\/a> \u00a0 \u00a0 \u00a0 \u00a0 \u00a0 \u00a0 \u00a0 \u00a0 \u00a0 \u00a0 \u00a0 \u00a0 \u00a0 \u00a0 \u00a0 \u00a0 \u00a0 \u00a0 \u00a0 \u00a0 \u00a0 \u00a0 \u00a0 \u00a0 \u00a0 \u00a0 \u00a0 \u00a0 \u00a0 \u00a0 \u00a0 \u00a0 \u00a0 \u00a0    \u00a0 262-329<\/p>\n\n\n\n<p>\u200b<strong>X. <\/strong><a href=\"http:\/\/www.gutenberg.org\/files\/19755\/19755-h\/19755-h.htm#X\" target=\"_blank\" rel=\"noreferrer noopener\" aria-label=\"Motive und Erl\u00e4uterungen zum Entwurf eines Statuts der Carl Zeiss- Stiftung (1895) (\u00f6ffnet in neuem Tab)\">Motive und Erl\u00e4uterungen zum Entwurf eines Statuts der Carl Zeiss- Stiftung (1895)<\/a> \u00a0 \u00a0 \u00a0 \u00a0 \u00a0 \u00a0  \u00a0230-272<\/p>\n\n\n\n<p>\u200b<strong>Xa.<\/strong> <a href=\"http:\/\/www.gutenberg.org\/files\/19755\/19755-h\/19755-h.htm#Xa\" target=\"_blank\" rel=\"noreferrer noopener\" aria-label=\"Motive und Erl\u00e4uterungen. Nachtrag zum zweiten Entwurf, Titel V (1896) (\u00f6ffnet in neuem Tab)\">Motive und Erl\u00e4uterungen. Nachtrag zum zweiten Entwurf, Titel V (1896)<\/a> \u00a0 \u00a0 \u00a0 \u00a0 \u00a0 \u00a0 \u00a0     \u00a0 \u00a0 \u00a0 \u00a0 \u00a0\u00a0273-287<\/p>\n\n\n\n<p>\u200b<strong>Xb.<\/strong> <a href=\"http:\/\/www.gutenberg.org\/files\/19755\/19755-h\/19755-h.htm#Xb\" target=\"_blank\" rel=\"noreferrer noopener\" aria-label=\"Die Verfassung der Carl Zeiss-Stiftung. Erl\u00e4uterungen zu Titel I und II\n       des Stiftungsstatuts (1900) (\u00f6ffnet in neuem Tab)\">Die Verfassung der Carl Zeiss-Stiftung. Erl\u00e4uterungen zu Titel I und II<br>       des Stiftungsstatuts (1900)<\/a> \u00a0 \u00a0 \u00a0                                                                                            \u00a0 \u00a0 \u00a0 \u00a0288-402<\/p>\n","protected":false},"excerpt":{"rendered":"<p>Gesammelte Abhandlungen von Ernst Abbe, Band 3 I. Welche sozialen Forderungen soll die Freisinnige Volkspartei in ihr Programm aufnehmen? (1894) 1-59A.\u00a0Steuersystem \u00a0 \u00a0 \u00a0 \u00a0 \u00a0 \u00a0 \u00a0 \u00a0 \u00a0 \u00a0 \u00a0 \u00a0 \u00a0 \u00a0 \u00a0 \u00a0 \u00a0 \u00a0 \u00a0 \u00a0 \u00a0 \u00a0 \u00a0 \u00a0 \u00a0 \u00a0 \u00a0 \u00a0 \u00a0 \u00a0 \u00a0 \u00a0 \u00a0 \u00a0 &hellip; <\/p>\n<p class=\"link-more\"><a href=\"https:\/\/abbeverein.de\/?page_id=53\" class=\"more-link\"><span class=\"screen-reader-text\">\u201eLiteratur von Ernst Abbe : Band 3\u201c <\/span>weiterlesen<\/a><\/p>\n","protected":false},"author":1,"featured_media":0,"parent":0,"menu_order":0,"comment_status":"closed","ping_status":"closed","template":"","meta":{"footnotes":""},"class_list":["post-53","page","type-page","status-publish","hentry","entry"],"_links":{"self":[{"href":"https:\/\/abbeverein.de\/index.php?rest_route=\/wp\/v2\/pages\/53","targetHints":{"allow":["GET"]}}],"collection":[{"href":"https:\/\/abbeverein.de\/index.php?rest_route=\/wp\/v2\/pages"}],"about":[{"href":"https:\/\/abbeverein.de\/index.php?rest_route=\/wp\/v2\/types\/page"}],"author":[{"embeddable":true,"href":"https:\/\/abbeverein.de\/index.php?rest_route=\/wp\/v2\/users\/1"}],"replies":[{"embeddable":true,"href":"https:\/\/abbeverein.de\/index.php?rest_route=%2Fwp%2Fv2%2Fcomments&post=53"}],"version-history":[{"count":6,"href":"https:\/\/abbeverein.de\/index.php?rest_route=\/wp\/v2\/pages\/53\/revisions"}],"predecessor-version":[{"id":443,"href":"https:\/\/abbeverein.de\/index.php?rest_route=\/wp\/v2\/pages\/53\/revisions\/443"}],"wp:attachment":[{"href":"https:\/\/abbeverein.de\/index.php?rest_route=%2Fwp%2Fv2%2Fmedia&parent=53"}],"curies":[{"name":"wp","href":"https:\/\/api.w.org\/{rel}","templated":true}]}}