{"id":54,"date":"2019-01-06T01:31:11","date_gmt":"2019-01-06T01:31:11","guid":{"rendered":"http:\/\/abbeverein.de\/?page_id=54"},"modified":"2019-02-24T22:36:13","modified_gmt":"2019-02-24T21:36:13","slug":"literatur-von-ernst-abbe-band-4","status":"publish","type":"page","link":"https:\/\/abbeverein.de\/?page_id=54","title":{"rendered":"Literatur von Ernst Abbe : Band 4"},"content":{"rendered":"\n<p> <\/p>\n\n\n\n<p><strong>Gesammelte Abhandlungen von Ernst Abbe, Band 4<\/strong><\/p>\n\n\n\n<p><strong>1.<\/strong>Vorl\u00e4ufiger Bericht \u00fcber eine wissenschaftliche Untersuchung zur Verbesserung des optischen Glases vom 30. III. 82V<br><\/p>\n\n\n\n<ul class=\"wp-block-list\"><li>Der augenblickliche Stand der Schmelzkunst \u00a0 \u00a0 \u00a0 \u00a0 \u00a0 \u00a0 \u00a0 \u00a0 \u00a0 \u00a0 \u00a0 \u00a0 \u00a0 \u00a0 \u00a0 \u00a0 \u00a0 \u00a0 \u00a0 \u00a0 \u00a0 \u00a0\u00a0 \u00a0 \u00a0 \u00a0 \u00a0 \u00a0 \u00a0 \u00a0 \u00a0 \u00a0 \u00a0 \u00a0 \u00a0 \u00a0 \u00a0 \u00a0 \u00a0 \u00a0     1<\/li><li>Die wissenschaftliche Vorarbeit zuerst in Witten i. W. und in Jena, dann ausschlie\u00dflich in Jena \u00a0 \u00a0\u00a07<\/li><li>Der Gedanke an eine Beihilfe durch den Staat \u00a0 \u00a0 \u00a0 \u00a0 \u00a0 \u00a0 \u00a0 \u00a0 \u00a0 \u00a0 \u00a0 \u00a0 \u00a0 \u00a0 \u00a0 \u00a0 \u00a0 \u00a0 \u00a0 \u00a0 \u00a0 \u00a0 \u00a0 \u00a0 \u00a0 \u00a0 \u00a0 \u00a0 \u00a0 \u00a0 \u00a0 \u00a0 \u00a0 \u00a0 \u00a0 \u00a0    \u00a0 \u00a021<\/li><\/ul>\n\n\n\n<p>\u200b<strong>2. <\/strong>W. FOERSTERS Begleitschreiben vom 20. VII. 82 \u00a0 \u00a0 \u00a0 \u00a0 \u00a0 \u00a0 \u00a0 \u00a0 \u00a0 \u00a0 \u00a0 \u00a0 \u00a0 \u00a0 \u00a0 \u00a0 \u00a0 \u00a0 \u00a0 \u00a0 \u00a0 \u00a0 \u00a0 \u00a0 \u00a0 \u00a0 \u00a0 \u00a0 \u00a0 \u00a0 \u00a0 \u00a0 \u00a0 \u00a0 \u00a0 \u00a0 \u00a0 \u00a027<\/p>\n\n\n\n<p>\u200b<strong>3.<\/strong>C. BAMBERGS \u201eBrandbrief&#8221; vom 7. X. 83<br>Aktenvermerk \u00fcber das Ergebnis der Besprechung im Ministerium vom 16. X. 83 aus dem [1883 gedruckten] <br>Staatshaushalts-Etat f\u00fcr 1884\/85 36 \u00a0 \u00a0 \u00a0 \u00a0 \u00a0 \u00a0 \u00a0 \u00a0 \u00a0 \u00a0 \u00a0 \u00a0 \u00a0 \u00a0 \u00a0      \u00a0 \u00a0 \u00a0 \u00a0 \u00a0 \u00a0 \u00a0 \u00a0 \u00a0 \u00a0 \u00a0 \u00a0 \u00a0 \u00a0 \u00a0 \u00a0 \u00a0 \u00a0 \u00a0 \u00a0 \u00a0 \u00a0 \u00a0 \u00a0 \u00a0 \u00a0 \u00a0 \u00a0 \u00a0 \u00a0 \u00a0 \u00a0 \u00a0 \u00a0 \u00a0 \u00a032<\/p>\n\n\n\n<p><strong>4.<\/strong>Begleitschreiben und Bericht \u00fcber die von Prof. E. ABBE undDr. O. SCHOTT in Jena unternommenen Versuche zur Verbesserung des optischen Glases und deren praktische<br>Verwertung vom 5.1.84 \u00a0 \u00a0 \u00a0 \u00a0 \u00a0 \u00a0 \u00a0 \u00a0 \u00a0 \u00a0 \u00a0 \u00a0 \u00a0 \u00a0 \u00a0 \u00a0 \u00a0                                                                                          \u00a037<\/p>\n\n\n\n<p>\u200bGegenw\u00e4rtiger Stand der Versuche und deren bisherige Ergebnisse \u00c4u\u00dfere Verh\u00e4ltnisse \u00a0 \u00a0           \u00a0 \u00a0 \u00a0 \u00a039<\/p>\n\n\n\n<p>Vervollst\u00e4ndigung der allgemeinen Grundlagen, Allgemeines Ergebnis, Darstellung praktisch verwendbarer Glasarten \u00a0                                                                                                                         40<\/p>\n\n\n\n<p>Spezielle Resultate der Schmelzversuche                                                                                                41<br>Studien zur Technik der Glasbereitung f\u00fcr optische Zwecke \u00a0                                                               42<br>Umfang der Schmelzarbeiten \u00a0                                                                                                                42<\/p>\n\n\n\n<p>Analytisch-chemische-Untersuchungen                                                                                                   43<br>Versuche zur Verbesserung des thermometrischen Glases                                                                     43<\/p>\n\n\n\n<p>Praktische Erprobung der neu dargestellten Glasarten                                                                           44<br>Prismen                                                                                                         \u00a0                                         44<\/p>\n\n\n\n<p>Mikroskop-Objektive \u00a0                                                                                                                            45<\/p>\n\n\n\n<p>Astronomisches Fernrohr                                                                                                                       46<\/p>\n\n\n\n<p>Plan f\u00fcr die Fortsetzung der Versuche und f\u00fcr die \u00dcberleitung derselben in die Industrie                  46<br>Weitere Aufgaben                                                                                                                                  46<br>&#8211; Plan f\u00fcr die Fortsetzung der Versuche auf industriellem Boden &#8211;                                                       48<br>Glastechnische Versuchsstation                                                                                                              48<br>&#8211; Aufgaben der Versuchsstation                                                                                                              49<br>\u2013 Ziele des industriellen Betriebes                                                                                                         50<\/p>\n\n\n\n<p>Rechtfertigung des Gesuches um eine Staatssubvention zur Weiterf\u00fchrung der Arbeiten                    51<br>Kostspieligkeit der weiteren Versuche                                                                                                    51<br>&#8211; Mangel der Aussicht auf Rentabilit\u00e4t                                                                                                    52<br>&#8211; Notwendigkeit der Staatshilfe &#8211;                                                                                                             53<br>Besondere Gr\u00fcnde                                                                                                                                 54<br>&#8211; Wirtschaftliche Interessen des preu\u00dfischen Staates                                                                             54<br>&#8211; Rathenower Industrie &#8211;                                                                                                                         55<br>Leuchtturm-Apparate                                                                                                                             55<br>&#8211; Andere Bed\u00fcrfnisse                                                                                                                            \u00a056<\/p>\n\n\n\n<p>\u200bBeilage I. : Numerische Nachweise \u00fcber die optischen Eigenschaften der neu<br>                  dargestellten Glasarten.                                                                                  \u00a0 \u00a0 \u00a0 \u00a0 \u00a0 \u00a0 \u00a0 \u00a0 \u00a0 \u00a0 \u00a0 58<\/p>\n\n\n\n<p>Beilage II. : Vertragsentwurf betreffend die Gr\u00fcndung einer Glas-Versuchsanstalt in Jena \u00a0 \u00a0 \u00a0 \u00a0 \u00a0 \u00a0 \u00a0 \u00a0 \u00a0 66<\/p>\n\n\n\n<p>Beilage III. : Kostenanschlag f\u00fcr die ersten baulichen und maschinellen Einrichtungen einer<br>                     Glas-Versuchsanstalt zu Jena (mit zwei Bauentw\u00fcrfen) \u00a0 \u00a0 \u00a0 \u00a0 \u00a0 \u00a0 \u00a0 \u00a0 \u00a0 \u00a0 \u00a0 \u00a0 \u00a0 \u00a0 \u00a0 \u00a0 \u00a0 \u00a0 \u00a0 \u00a0 \u00a0 \u00a0 \u00a0 \u00a0 \u00a0 \u00a071<\/p>\n\n\n\n<p>Beilage IV. : Voranschlag f\u00fcr die Unterhaltungskosten der Glas-Versuchsanstalt zu Jena<br>                     im ersten Jahre                                                                                          \u00a0 \u00a0 \u00a0 \u00a0 \u00a0 \u00a0 \u00a0 \u00a0 \u00a0 \u00a0 \u00a0 \u00a075<\/p>\n\n\n\n<p>Beilage V. : Spezifikation der Aufw\u00e4nde, welche die Schmelzversuche seit Fr\u00fchjahr 1881<br>                   bis zum Schlu\u00df des Jahres 1883 verursacht haben \u00a0 \u00a0 \u00a0 \u00a0 \u00a0 \u00a0 \u00a0 \u00a0 \u00a0 \u00a0 \u00a0 \u00a0 \u00a0 \u00a0\u00a0 \u00a0  \u00a0 \u00a0 \u00a0 \u00a0 \u00a0 \u00a0 \u00a0 \u00a0 \u00a0 \u00a0 \u00a0 \u00a0 \u00a0 \u00a077<\/p>\n\n\n\n<p>Beilage VI. : Gutachtliche \u00c4u\u00dferung des Herrn Kommerzienrates E. Busch in Rathenow,<br>                     die Bed\u00fcrfnisse der Rathenower Industrie betreffend \u00a0 \u00a0 \u00a0 \u00a0 \u00a0 \u00a0 \u00a0 \u00a0 \u00a0 \u00a0 \u00a0   \u00a0 \u00a0 \u00a0 \u00a0 \u00a0 \u00a0 \u00a0 \u00a0 \u00a0 \u00a0 \u00a0 \u00a0 \u00a0 \u00a078 <\/p>\n\n\n\n<p>Beilage VII. : Schreiben der Firma GREINER &amp; FRIEDRICHS in St\u00fctzerbach,<br>                      glastechnische Fragen bei der Fabrikation elektrischer Lampen betreffend \u00a0   \u00a0 \u00a0 \u00a0 \u00a0 \u00a0 \u00a0 \u00a087<\/p>\n\n\n\n<p>Beilage VIII. : Personale von Dr. O. SCHOTT \u00a0 \u00a0 \u00a0 \u00a0 \u00a0 \u00a0 \u00a0 \u00a0 \u00a0 \u00a0 \u00a0 \u00a0 \u00a0 \u00a0 \u00a0 \u00a0 \u00a0 \u00a0 \u00a0 \u00a0 \u00a0 \u00a0 \u00a0 \u00a0 \u00a0 \u00a0 \u00a0 \u00a0            \u00a0 \u00a0  \u00a0 \u00a0 \u00a0 \u00a0 89<\/p>\n\n\n\n<p>\u200b<strong>5. <\/strong>Schreiben von L. LOEWENHERZ vom 14. 1. 84 \u00a0 \u00a0 \u00a0 \u00a0 \u00a0 \u00a0 \u00a0 \u00a0 \u00a0 \u00a0 \u00a0 \u00a0 \u00a0 \u00a0 \u00a0 \u00a0 \u00a0 \u00a0 \u00a0 \u00a0 \u00a0 \u00a0 \u00a0 \u00a0 \u00a0 \u00a0 \u00a0 \u00a0 \u00a0 \u00a0 \u00a0 \u00a0 \u00a0 \u00a0 \u00a0 \u00a091<\/p>\n\n\n\n<p>Beilage dazu (Abschrift des PICHTschen Briefes vom 14. IV. 83) \u00a0 \u00a0 \u00a0 \u00a0 \u00a0 \u00a0 \u00a0 \u00a0 \u00a0 \u00a0 \u00a0 \u00a0 \u00a0 \u00a0 \u00a0 \u00a0 \u00a0 \u00a0 \u00a0   \u00a0 \u00a0 \u00a0 \u00a0 \u00a0 \u00a092<\/p>\n\n\n\n<p>\u200b<strong>6. <\/strong>Entwurf zu dem Schreiben des Ministers v. GOSSLER vom 9. IV. 84 <br>    die Gew\u00e4hrung des ersten Zuschusses betreffend \u00a0 \u00a0 \u00a0 \u00a0 \u00a0 \u00a0 \u00a0 \u00a0 \u00a0 \u00a0 \u00a0 \u00a0 \u00a0 \u00a0 \u00a0 \u00a0 \u00a0 \u00a0 \u00a0 \u00a0 \u00a0 \u00a0 \u00a0 \u00a0 \u00a0 \u00a0 \u00a0 \u00a0 \u00a0 \u00a0 \u00a0 \u00a0 \u00a0 \u00a0 \u00a0 \u00a0 \u00a0 94<\/p>\n\n\n\n<p>\u200b<strong>7. <\/strong>Aktenblatt zu ABBES Junireise nach Berlin; 13. u. 15. VI. 84 \u00a0 \u00a0 \u00a0 \u00a0 \u00a0 \u00a0 \u00a0 \u00a0 \u00a0 \u00a0   \u00a0 \u00a0 \u00a0 \u00a0 \u00a0 \u00a0 \u00a0 \u00a0 \u00a0 \u00a0 \u00a0 \u00a0 \u00a0 \u00a0 \u00a0 \u00a0 96<\/p>\n\n\n\n<p>\u200b<strong>8. <\/strong>Entwurf zu dem Schreiben des Ministers v. GOSSLER an den Finanzminister<br>     vom 18. VI. 84 \u00a0 \u00a0 \u00a0 \u00a0                                                                                     \u00a0 \u00a0 \u00a0 \u00a0 \u00a0 \u00a0 \u00a0 \u00a0 \u00a0 \u00a0 \u00a0 \u00a0 \u00a0 \u00a0 \u00a0 \u00a0 \u00a0 \u00a097<\/p>\n\n\n\n<p>\u200b<strong>9. <\/strong>I. Gesuch von E. ABBE u. O. SCHOTT an den Minister v. GOSSLER <br>    um eine zweite Beihilfe vom 27. VII. 84 . \u00a0 \u00a0 \u00a0 \u00a0 \u00a0 \u00a0 \u00a0 \u00a0                                                                     100<\/p>\n\n\n\n<p>Beilage dazu: Summarische Aufstellung \u00fcber die Aufwendungen der glastechnischen<br>Versuchsanstalt zur Vorbereitung der Schmelzversuche im gro\u00dfen<br>vom 1. Januar bis zum 1. Juli 1884 \u00a0 \u00a0 \u00a0 \u00a0 \u00a0 \u00a0 \u00a0 \u00a0 \u00a0 \u00a0 \u00a0 \u00a0 \u00a0 \u00a0 \u00a0 \u00a0 \u00a0 \u00a0 \u00a0 \u00a0 \u00a0 \u00a0 \u00a0 \u00a0 \u00a0 \u00a0 \u00a0                                          \u00a0 \u00a0 105<\/p>\n\n\n\n<p><strong>\u200b10. <\/strong>Zahlungsanweisung f\u00fcr die erste Beihilfe \u00a0 \u00a0 \u00a0 \u00a0 \u00a0 \u00a0 \u00a0 \u00a0 \u00a0 \u00a0 \u00a0 \u00a0 \u00a0 \u00a0 \u00a0 \u00a0 \u00a0 \u00a0 \u00a0 \u00a0 \u00a0 \u00a0 \u00a0 \u00a0 \u00a0 \u00a0 \u00a0 \u00a0 \u00a0 \u00a0 \u00a0 \u00a0 \u00a0 \u00a0   \u00a0 \u00a0 \u00a0 \u00a0 \u00a0 \u00a0 \u00a0 106<\/p>\n\n\n\n<p>\u200b<strong>11. <\/strong>II. [erg\u00e4nzendes] Gesuch von E. ABBE u. O. SCHOTT an den Minister v. GOSSLER<br>      um eine zweite Beihilfe vom 17. IX. 84 \u00a0 \u00a0 \u00a0 \u00a0 \u00a0 \u00a0 \u00a0 \u00a0 \u00a0 \u00a0 \u00a0 \u00a0 \u00a0 \u00a0 \u00a0 \u00a0 \u00a0 \u00a0 \u00a0 \u00a0 \u00a0 \u00a0 \u00a0 \u00a0 \u00a0 \u00a0 \u00a0 \u00a0 \u00a0 \u00a0 \u00a0 \u00a0 \u00a0 \u00a0 \u00a0 \u00a0 \u00a0 \u00a0 \u00a0 \u00a0 \u00a0 \u00a0 \u00a0 107<\/p>\n\n\n\n<p>Beilage dazu: Aufstellung \u00fcber den Kostenaufwand f\u00fcr Bau, Einrichtung und Betrieb<br>des Glastechnischen Laboratoriums zu Jena \u00a0 \u00a0 \u00a0 \u00a0 \u00a0 \u00a0 \u00a0 \u00a0 \u00a0 \u00a0 \u00a0 \u00a0 \u00a0 \u00a0 \u00a0 \u00a0 \u00a0 \u00a0 \u00a0 \u00a0 \u00a0 \u00a0 \u00a0 \u00a0 \u00a0 \u00a0 \u00a0         \u00a0 \u00a0 \u00a0 \u00a0 \u00a0 \u00a0 \u00a0 \u00a0 \u00a0 \u00a0 \u00a0 \u00a0115<\/p>\n\n\n\n<p>\u200b<strong>12. <\/strong>Entwurf zu dem Schreiben des Ministers v. GOSSLER an den Finanzminister<br>      vom 19. IX. 84                                                                                   \u00a0 \u00a0 \u00a0 \u00a0 \u00a0 \u00a0 \u00a0 \u00a0 \u00a0 \u00a0 \u00a0 \u00a0 \u00a0 \u00a0 \u00a0 \u00a0 \u00a0 \u00a0 \u00a0 \u00a0 \u00a0 122<br>A. Aus dem [1884 gedruckten] Staatshaushalts-Etat f\u00fcr 1885\/86 \u00a0 \u00a0 \u00a0 \u00a0 \u00a0 \u00a0 \u00a0 \u00a0 \u00a0 \u00a0 \u00a0 \u00a0    \u00a0 \u00a0 \u00a0 \u00a0 \u00a0 \u00a0 \u00a0 \u00a0 \u00a0 \u00a0 \u00a0 \u00a0 \u00a0 124<br>B. E. ABBES Schreiben an E. BUSCH unter dem 8.XII. 84 \u00a0 \u00a0 \u00a0 \u00a0 \u00a0 \u00a0 \u00a0 \u00a0 \u00a0 \u00a0 \u00a0 \u00a0 \u00a0 \u00a0      \u00a0 \u00a0 \u00a0 \u00a0 \u00a0 \u00a0 \u00a0 \u00a0 \u00a0 \u00a0 \u00a0 \u00a0 125<br>C. E. ABBES Schreiben an E. BUSCH unter dem 12.1. 85 \u00a0 \u00a0 \u00a0 \u00a0 \u00a0 \u00a0 \u00a0 \u00a0 \u00a0 \u00a0 \u00a0 \u00a0 \u00a0  \u00a0 \u00a0 \u00a0 \u00a0 \u00a0 \u00a0 \u00a0 \u00a0 \u00a0 \u00a0 \u00a0 \u00a0 \u00a0 \u00a0 \u00a0 \u00a0 133<\/p>\n\n\n\n<p>\u200b<strong>13. <\/strong>Entwurf zu der amtlichen Mitteilung von der Genehmigung des <br>       zweiten Zuschusses unter dem 8. IV. 85 \u00a0 \u00a0                                                                 \u00a0 \u00a0 \u00a0 \u00a0 \u00a0 \u00a0 \u00a0 \u00a0135<br>E. S. CZAPSKIS Schilderung des Glaswerks vom Sommer 86 \u00a0 \u00a0 \u00a0 \u00a0 \u00a0 \u00a0 \u00a0 \u00a0 \u00a0 \u00a0 \u00a0 \u00a0 \u00a0 \u00a0 \u00a0 \u00a0 \u00a0 \u00a0 \u00a0 \u00a0     \u00a0 \u00a0 \u00a0 \u00a0 \u00a0 \u00a0136<\/p>\n\n\n\n<p>XVII a. \u00dcber die neueren Fortschritte in der Glasfabrikation \u00a0 \u00a0 \u00a0 \u00a0 \u00a0 \u00a0 \u00a0 \u00a0 \u00a0 \u00a0 \u00a0 \u00a0 \u00a0 \u00a0 \u00a0 \u00a0 \u00a0 \u00a0 \u00a0 \u00a0 \u00a0 \u00a0 \u00a0 \u00a0 \u00a0 \u00a0 \u00a0 \u00a0 \u00a0138<br>Zeittafel zum Glaswerk \u00a0 \u00a0 \u00a0 \u00a0 \u00a0 \u00a0 \u00a0 \u00a0 \u00a0 \u00a0 \u00a0 \u00a0 \u00a0 \u00a0 \u00a0 \u00a0 \u00a0 \u00a0 \u00a0 \u00a0 \u00a0 \u00a0 \u00a0 \u00a0 \u00a0 \u00a0 \u00a0 \u00a0 \u00a0 \u00a0 \u00a0 \u00a0 \u00a0 \u00a0 \u00a0 \u00a0 \u00a0 \u00a0 \u00a0 \u00a0 \u00a0 \u00a0 \u00a0 \u00a0 \u00a0 \u00a0 \u00a0 \u00a0 \u00a0 \u00a0 \u00a0 \u00a0 \u00a0 \u00a0 \u00a0 \u00a0 \u00a0 \u00a0 \u00a0140<br>Namensverzeichnis \u00a0 \u00a0 \u00a0 \u00a0 \u00a0 \u00a0 \u00a0 \u00a0 \u00a0 \u00a0 \u00a0 \u00a0 \u00a0 \u00a0 \u00a0 \u00a0 \u00a0 \u00a0 \u00a0 \u00a0 \u00a0 \u00a0 \u00a0 \u00a0 \u00a0 \u00a0 \u00a0 \u00a0 \u00a0 \u00a0 \u00a0 \u00a0 \u00a0 \u00a0 \u00a0 \u00a0 \u00a0 \u00a0 \u00a0 \u00a0 \u00a0 \u00a0 \u00a0 \u00a0 \u00a0 \u00a0 \u00a0 \u00a0 \u00a0 \u00a0 \u00a0 \u00a0 \u00a0 \u00a0 \u00a0 \u00a0 \u00a0 \u00a0 \u00a0 \u00a0 \u00a0 \u00a0143<\/p>\n","protected":false},"excerpt":{"rendered":"<p>Gesammelte Abhandlungen von Ernst Abbe, Band 4 1.Vorl\u00e4ufiger Bericht \u00fcber eine wissenschaftliche Untersuchung zur Verbesserung des optischen Glases vom 30. III. 82V Der augenblickliche Stand der Schmelzkunst \u00a0 \u00a0 \u00a0 \u00a0 \u00a0 \u00a0 \u00a0 \u00a0 \u00a0 \u00a0 \u00a0 \u00a0 \u00a0 \u00a0 \u00a0 \u00a0 \u00a0 \u00a0 \u00a0 \u00a0 \u00a0 \u00a0\u00a0 \u00a0 \u00a0 \u00a0 \u00a0 \u00a0 \u00a0 &hellip; <\/p>\n<p class=\"link-more\"><a href=\"https:\/\/abbeverein.de\/?page_id=54\" class=\"more-link\"><span class=\"screen-reader-text\">\u201eLiteratur von Ernst Abbe : Band 4\u201c <\/span>weiterlesen<\/a><\/p>\n","protected":false},"author":1,"featured_media":0,"parent":0,"menu_order":0,"comment_status":"closed","ping_status":"closed","template":"","meta":{"footnotes":""},"class_list":["post-54","page","type-page","status-publish","hentry","entry"],"_links":{"self":[{"href":"https:\/\/abbeverein.de\/index.php?rest_route=\/wp\/v2\/pages\/54","targetHints":{"allow":["GET"]}}],"collection":[{"href":"https:\/\/abbeverein.de\/index.php?rest_route=\/wp\/v2\/pages"}],"about":[{"href":"https:\/\/abbeverein.de\/index.php?rest_route=\/wp\/v2\/types\/page"}],"author":[{"embeddable":true,"href":"https:\/\/abbeverein.de\/index.php?rest_route=\/wp\/v2\/users\/1"}],"replies":[{"embeddable":true,"href":"https:\/\/abbeverein.de\/index.php?rest_route=%2Fwp%2Fv2%2Fcomments&post=54"}],"version-history":[{"count":3,"href":"https:\/\/abbeverein.de\/index.php?rest_route=\/wp\/v2\/pages\/54\/revisions"}],"predecessor-version":[{"id":444,"href":"https:\/\/abbeverein.de\/index.php?rest_route=\/wp\/v2\/pages\/54\/revisions\/444"}],"wp:attachment":[{"href":"https:\/\/abbeverein.de\/index.php?rest_route=%2Fwp%2Fv2%2Fmedia&parent=54"}],"curies":[{"name":"wp","href":"https:\/\/api.w.org\/{rel}","templated":true}]}}