{"id":643,"date":"2023-01-22T14:44:09","date_gmt":"2023-01-22T13:44:09","guid":{"rendered":"https:\/\/abbeverein.de\/?page_id=643"},"modified":"2023-01-25T22:55:38","modified_gmt":"2023-01-25T21:55:38","slug":"beitritt","status":"publish","type":"page","link":"https:\/\/abbeverein.de\/?page_id=643","title":{"rendered":"Mitglied werden"},"content":{"rendered":"<p><span style=\"font-size: 18pt; font-family: Arial, Helvetica, sans-serif;\">Lieber Beitritts-Interessent,<br \/>\n<\/span><span style=\"font-size: 18pt; font-family: Arial, Helvetica, sans-serif;\">bitte f\u00fcllen Sie folgendes aus:<\/span><\/p>\n<p style=\"padding-left: 40px;\"><a href=\"https:\/\/abbeverein.de\/wp-content\/uploads\/2019\/01\/01_EAG-Beitrittsformular.pdf\"><span style=\"font-size: 18pt; font-family: Arial, Helvetica, sans-serif;\">Beitrittserkl\u00e4rung PDF<\/span><\/a><\/p>\n<p style=\"padding-left: 40px;\"><a href=\"https:\/\/abbeverein.de\/wp-content\/uploads\/2019\/01\/02_EAG-Lastschriftmandat.pdf\"><span style=\"font-size: 18pt; font-family: Arial, Helvetica, sans-serif;\">SEPA-Einzugserm\u00e4chtigung PDF<\/span><\/a><\/p>\n<p><span style=\"font-size: 18pt; font-family: Arial, Helvetica, sans-serif;\">Dann schicken Sie es bitte an die Schriftf\u00fchrerin des Vereins,<br \/>\n<\/span><span style=\"font-size: 18pt; font-family: Arial, Helvetica, sans-serif;\">entweder per Brief (ausgedruckt und unterschrieben) an<\/span><\/p>\n<p style=\"padding-left: 80px;\"><span style=\"font-size: 18pt; font-family: Arial, Helvetica, sans-serif;\">Henriette M\u00fcller<br \/>\n<\/span><span style=\"font-size: 18pt; font-family: Arial, Helvetica, sans-serif;\">Sauerbachstra\u00dfe 103<br \/>\n<\/span><span style=\"font-size: 18pt; font-family: Arial, Helvetica, sans-serif;\">73434 Aalen<\/span><\/p>\n<p style=\"padding-left: 80px;\"><span style=\"font-size: 18pt; font-family: Arial, Helvetica, sans-serif;\">Tel.: +49 7361 468162<\/span><\/p>\n<p><span style=\"font-size: 18pt; font-family: Arial, Helvetica, sans-serif;\">oder die ausgef\u00fcllten und unterschriebenen PDFs wieder eingescannt als Email, bzw. per Adobe Acrobat Reader \u2013Werkzeug \u201eAusf\u00fcllen und Unterschreiben\u201c (beide PDF-Downloads), an:<\/span><\/p>\n<p style=\"padding-left: 80px;\"><a href=\"mailto:schriftfuehrer@abbeverein.de\"><span style=\"font-size: 18pt; font-family: Arial, Helvetica, sans-serif;\">schriftfuehrer@abbeverein.de<\/span><\/a><\/p>\n<p style=\"text-align: left;\"><span style=\"font-size: 18pt; font-family: Arial, Helvetica, sans-serif;\">Die derzeit g\u00fcltige Satzung des Vereins liegt als PDF-Download ebenfalls auf der Seite im Men\u00fc &#8220;Wir \u00fcber uns&#8221; unter <a href=\"https:\/\/abbeverein.de\/?page_id=39\">Satzung<\/a>.<\/span><\/p>\n<p><span style=\"font-size: 18pt; font-family: Arial, Helvetica, sans-serif;\">Wir freuen uns \u00fcber Ihr Interesse am Verein und seinen Zielen.<\/span><\/p>\n","protected":false},"excerpt":{"rendered":"<p>Lieber Beitritts-Interessent, bitte f\u00fcllen Sie folgendes aus: Beitrittserkl\u00e4rung PDF SEPA-Einzugserm\u00e4chtigung PDF Dann schicken Sie es bitte an die Schriftf\u00fchrerin des Vereins, entweder per Brief (ausgedruckt und unterschrieben) an Henriette M\u00fcller Sauerbachstra\u00dfe 103 73434 Aalen Tel.: +49 7361 468162 oder die ausgef\u00fcllten und unterschriebenen PDFs wieder eingescannt als Email, bzw. per Adobe Acrobat Reader \u2013Werkzeug \u201eAusf\u00fcllen &hellip; <\/p>\n<p class=\"link-more\"><a href=\"https:\/\/abbeverein.de\/?page_id=643\" class=\"more-link\"><span class=\"screen-reader-text\">\u201eMitglied werden\u201c <\/span>weiterlesen<\/a><\/p>\n","protected":false},"author":1,"featured_media":0,"parent":0,"menu_order":0,"comment_status":"closed","ping_status":"closed","template":"","meta":{"footnotes":""},"class_list":["post-643","page","type-page","status-publish","hentry","entry"],"_links":{"self":[{"href":"https:\/\/abbeverein.de\/index.php?rest_route=\/wp\/v2\/pages\/643","targetHints":{"allow":["GET"]}}],"collection":[{"href":"https:\/\/abbeverein.de\/index.php?rest_route=\/wp\/v2\/pages"}],"about":[{"href":"https:\/\/abbeverein.de\/index.php?rest_route=\/wp\/v2\/types\/page"}],"author":[{"embeddable":true,"href":"https:\/\/abbeverein.de\/index.php?rest_route=\/wp\/v2\/users\/1"}],"replies":[{"embeddable":true,"href":"https:\/\/abbeverein.de\/index.php?rest_route=%2Fwp%2Fv2%2Fcomments&post=643"}],"version-history":[{"count":8,"href":"https:\/\/abbeverein.de\/index.php?rest_route=\/wp\/v2\/pages\/643\/revisions"}],"predecessor-version":[{"id":671,"href":"https:\/\/abbeverein.de\/index.php?rest_route=\/wp\/v2\/pages\/643\/revisions\/671"}],"wp:attachment":[{"href":"https:\/\/abbeverein.de\/index.php?rest_route=%2Fwp%2Fv2%2Fmedia&parent=643"}],"curies":[{"name":"wp","href":"https:\/\/api.w.org\/{rel}","templated":true}]}}